{"id":6042,"date":"2023-10-09T19:34:49","date_gmt":"2023-10-09T23:34:49","guid":{"rendered":"https:\/\/institutlopedevega.com\/?post_type=product&#038;p=6042"},"modified":"2025-02-25T17:38:52","modified_gmt":"2025-02-25T22:38:52","slug":"spanish-intermediate-level-b1","status":"publish","type":"product","link":"https:\/\/institutlopedevega.com\/fr\/produit\/spanish-intermediate-level-b1\/","title":{"rendered":"Espagnol \u2013 Niveau interm\u00e9diaire B1"},"content":{"rendered":"<p><img decoding=\"async\" class=\"alignnone wp-image-5926\" src=\"https:\/\/institutlopedevega.com\/wp-content\/uploads\/2022\/06\/user-1-300x300.png\" alt=\"\" width=\"26\" height=\"26\" srcset=\"https:\/\/institutlopedevega.com\/wp-content\/uploads\/2022\/06\/user-1-300x300.png 300w, https:\/\/institutlopedevega.com\/wp-content\/uploads\/2022\/06\/user-1-100x100.png 100w, https:\/\/institutlopedevega.com\/wp-content\/uploads\/2022\/06\/user-1-150x150.png 150w, https:\/\/institutlopedevega.com\/wp-content\/uploads\/2022\/06\/user-1-12x12.png 12w, https:\/\/institutlopedevega.com\/wp-content\/uploads\/2022\/06\/user-1.png 461w\" sizes=\"(max-width: 26px) 100vw, 26px\" \/> <b>24 sessions en ligne en direct \u2013 avec un professeur<\/b><\/p>\n<p><img decoding=\"async\" class=\"alignnone wp-image-5927\" src=\"https:\/\/institutlopedevega.com\/wp-content\/uploads\/2022\/06\/open-book-1.png\" alt=\"\" width=\"25\" height=\"25\" srcset=\"https:\/\/institutlopedevega.com\/wp-content\/uploads\/2022\/06\/open-book-1.png 297w, https:\/\/institutlopedevega.com\/wp-content\/uploads\/2022\/06\/open-book-1-100x100.png 100w, https:\/\/institutlopedevega.com\/wp-content\/uploads\/2022\/06\/open-book-1-150x150.png 150w, https:\/\/institutlopedevega.com\/wp-content\/uploads\/2022\/06\/open-book-1-12x12.png 12w\" sizes=\"(max-width: 25px) 100vw, 25px\" \/> <b>+200 exercices<\/b><\/p>\n<p>&nbsp;<\/p>\n<h3><a href=\"https:\/\/clases.institutlopedevega.com\/mod\/quiz\/view.php?id=819\">Is this level right for you? Do the test!<\/a><\/h3>\n<p>&nbsp;<\/p>\n<p><b>NIVEAU INTERM\u00c9DIAIRE B1<\/b>: Am\u00e9liorez vos comp\u00e9tences en espagnol !<\/p>\n<p>Pr\u00eat(e) \u00e0 am\u00e9liorer vos comp\u00e9tences en espagnol ? Notre cours de niveau interm\u00e9diaire B1 vous permettra de produire des textes structur\u00e9s, coh\u00e9rents et d\u00e9taill\u00e9s sur des sujets familiers ainsi que sur des sujets personnels et d'actualit\u00e9. Vous serez capable de d\u00e9crire des exp\u00e9riences, des \u00e9v\u00e9nements, des souhaits et des aspirations, et de justifier bri\u00e8vement des opinions ou des projets pour l'avenir. Vous ma\u00eetriserez \u00e9galement les principales r\u00e8gles de grammaire, y compris les verbes irr\u00e9guliers, les temps et les modes, la voix passive et la d\u00e9fense d'un point de vue.<\/p>\n<p><b>EXPRESSION ORALE<\/b>: Exprimez-vous avec confiance<\/p>\n<p>Avec notre cours de niveau interm\u00e9diaire B1, vous serez en mesure de donner vie \u00e0 vos id\u00e9es \u00e0 travers un langage standard et de traiter des questions et des \u00e9changes courants et actuels. Vous ma\u00eetriserez \u00e9galement la plupart des situations qui peuvent survenir dans un environnement hispanophone, vous aidant ainsi \u00e0 vous sentir confiant(e) dans votre capacit\u00e9 \u00e0 communiquer efficacement.<\/p>\n<p><b>SYST\u00c8ME D'\u00c9VALUATION<\/b>: Apprenez et grandissez avec des \u00e9valuations compl\u00e8tes<\/p>\n<p>Notre syst\u00e8me d'\u00e9valuation complet garantit que vous recevrez des commentaires et un soutien personnalis\u00e9s. Une \u00e9valuation sera r\u00e9alis\u00e9e \u00e0 la fin de chaque session avec une valeur totale de 100 points. Vous devrez obtenir au moins 60 points pour r\u00e9ussir, r\u00e9partis comme suit :<\/p>\n<ol>\n<li>Examen \u00e9crit final (40 points)<\/li>\n<li>Examen oral final (40 points)<\/li>\n<li>Exercices d'\u00e9valuation en classe (questionnaires) (18 points)<\/li>\n<li>Assiduit\u00e9 et participation en classe (2 points)<\/li>\n<\/ol>\n<blockquote><p>**Note : Chaque th\u00e8me sera explor\u00e9 en profondeur \u00e0 travers des activit\u00e9s pratiques telles que des dialogues, des exercices d'expression orale, la description d'images et l'\u00e9coute audio.<\/p><\/blockquote>","protected":false},"excerpt":{"rendered":"<p>24 live online sessions &#8211; with a teacher +200 exercises &nbsp; Is this level right for you? Do the test! &nbsp; INTERMEDIATE LEVEL B1: Take Your Spanish Skills to the Next Level! Ready to take your Spanish skills to the next level? Our intermediate level B1 course will help you produce structured, coherent, and detailed [&hellip;]<\/p>","protected":false},"featured_media":5008,"comment_status":"closed","ping_status":"closed","template":"","meta":[],"product_brand":[],"product_cat":[89],"product_tag":[],"class_list":{"0":"post-6042","1":"product","2":"type-product","3":"status-publish","4":"has-post-thumbnail","6":"product_cat-uncategorized","8":"first","9":"instock","10":"shipping-taxable","11":"purchasable","12":"product-type-variable"},"yoast_head":"<!-- This site is optimized with the Yoast SEO plugin v26.7 - https:\/\/yoast.com\/wordpress\/plugins\/seo\/ -->\n<title>Spanish - Intermediate level B1 - Institut Lope de Vega : Cours de langue espagnole en ligne<\/title>\n<meta name=\"robots\" content=\"index, follow, max-snippet:-1, max-image-preview:large, max-video-preview:-1\" \/>\n<link rel=\"canonical\" href=\"https:\/\/institutlopedevega.com\/fr\/produit\/spanish-intermediate-level-b1\/\" \/>\n<meta property=\"og:locale\" content=\"fr_FR\" \/>\n<meta property=\"og:type\" content=\"article\" \/>\n<meta property=\"og:title\" content=\"Spanish - Intermediate level B1 - Institut Lope de Vega : Cours de langue espagnole en ligne\" \/>\n<meta property=\"og:description\" content=\"24 live online sessions &#8211; with a teacher +200 exercises &nbsp; Is this level right for you? Do the test! &nbsp; INTERMEDIATE LEVEL B1: Take Your Spanish Skills to the Next Level! Ready to take your Spanish skills to the next level? Our intermediate level B1 course will help you produce structured, coherent, and detailed [&hellip;]\" \/>\n<meta property=\"og:url\" content=\"https:\/\/institutlopedevega.com\/fr\/produit\/spanish-intermediate-level-b1\/\" \/>\n<meta property=\"og:site_name\" content=\"Institut Lope de Vega : Cours de langue espagnole en ligne\" \/>\n<meta property=\"article:modified_time\" content=\"2025-02-25T22:38:52+00:00\" \/>\n<meta property=\"og:image\" content=\"https:\/\/institutlopedevega.com\/wp-content\/uploads\/2022\/06\/B1.png\" \/>\n\t<meta property=\"og:image:width\" content=\"898\" \/>\n\t<meta property=\"og:image:height\" content=\"599\" \/>\n\t<meta property=\"og:image:type\" content=\"image\/png\" \/>\n<meta name=\"twitter:card\" content=\"summary_large_image\" \/>\n<meta name=\"twitter:label1\" content=\"Dur\u00e9e de lecture estim\u00e9e\" \/>\n\t<meta name=\"twitter:data1\" content=\"2 minutes\" \/>\n<script type=\"application\/ld+json\" class=\"yoast-schema-graph\">{\"@context\":\"https:\/\/schema.org\",\"@graph\":[{\"@type\":\"WebPage\",\"@id\":\"https:\/\/institutlopedevega.com\/product\/spanish-intermediate-level-b1\/\",\"url\":\"https:\/\/institutlopedevega.com\/product\/spanish-intermediate-level-b1\/\",\"name\":\"Spanish - Intermediate level B1 - Institut Lope de Vega : Cours de langue espagnole en ligne\",\"isPartOf\":{\"@id\":\"https:\/\/institutlopedevega.com\/#website\"},\"primaryImageOfPage\":{\"@id\":\"https:\/\/institutlopedevega.com\/product\/spanish-intermediate-level-b1\/#primaryimage\"},\"image\":{\"@id\":\"https:\/\/institutlopedevega.com\/product\/spanish-intermediate-level-b1\/#primaryimage\"},\"thumbnailUrl\":\"https:\/\/institutlopedevega.com\/wp-content\/uploads\/2022\/06\/B1.png\",\"datePublished\":\"2023-10-09T23:34:49+00:00\",\"dateModified\":\"2025-02-25T22:38:52+00:00\",\"breadcrumb\":{\"@id\":\"https:\/\/institutlopedevega.com\/product\/spanish-intermediate-level-b1\/#breadcrumb\"},\"inLanguage\":\"fr-FR\",\"potentialAction\":[{\"@type\":\"ReadAction\",\"target\":[\"https:\/\/institutlopedevega.com\/product\/spanish-intermediate-level-b1\/\"]}]},{\"@type\":\"ImageObject\",\"inLanguage\":\"fr-FR\",\"@id\":\"https:\/\/institutlopedevega.com\/product\/spanish-intermediate-level-b1\/#primaryimage\",\"url\":\"https:\/\/institutlopedevega.com\/wp-content\/uploads\/2022\/06\/B1.png\",\"contentUrl\":\"https:\/\/institutlopedevega.com\/wp-content\/uploads\/2022\/06\/B1.png\",\"width\":898,\"height\":599},{\"@type\":\"BreadcrumbList\",\"@id\":\"https:\/\/institutlopedevega.com\/product\/spanish-intermediate-level-b1\/#breadcrumb\",\"itemListElement\":[{\"@type\":\"ListItem\",\"position\":1,\"name\":\"Home\",\"item\":\"https:\/\/institutlopedevega.com\/\"},{\"@type\":\"ListItem\",\"position\":2,\"name\":\"Shop\",\"item\":\"https:\/\/institutlopedevega.com\/fr\/shop\/\"},{\"@type\":\"ListItem\",\"position\":3,\"name\":\"Spanish &#8211; Intermediate level B1\"}]},{\"@type\":\"WebSite\",\"@id\":\"https:\/\/institutlopedevega.com\/#website\",\"url\":\"https:\/\/institutlopedevega.com\/\",\"name\":\"Institut Lope de Vega : Cours de langue espagnole en ligne\",\"description\":\"Plus de 60 ans d&#039;excellence dans l&#039;enseignement de l&#039;espagnol \u2013 Cours en direct, formations \u00e0 la demande et certifications\",\"publisher\":{\"@id\":\"https:\/\/institutlopedevega.com\/#organization\"},\"potentialAction\":[{\"@type\":\"SearchAction\",\"target\":{\"@type\":\"EntryPoint\",\"urlTemplate\":\"https:\/\/institutlopedevega.com\/?s={search_term_string}\"},\"query-input\":{\"@type\":\"PropertyValueSpecification\",\"valueRequired\":true,\"valueName\":\"search_term_string\"}}],\"inLanguage\":\"fr-FR\"},{\"@type\":\"Organization\",\"@id\":\"https:\/\/institutlopedevega.com\/#organization\",\"name\":\"Institut Lope de Vega\",\"url\":\"https:\/\/institutlopedevega.com\/\",\"logo\":{\"@type\":\"ImageObject\",\"inLanguage\":\"fr-FR\",\"@id\":\"https:\/\/institutlopedevega.com\/#\/schema\/logo\/image\/\",\"url\":\"https:\/\/institutlopedevega.com\/wp-content\/uploads\/2022\/08\/TOP-HEADER-WITH-LOGO.png\",\"contentUrl\":\"https:\/\/institutlopedevega.com\/wp-content\/uploads\/2022\/08\/TOP-HEADER-WITH-LOGO.png\",\"width\":1423,\"height\":429,\"caption\":\"Institut Lope de Vega\"},\"image\":{\"@id\":\"https:\/\/institutlopedevega.com\/#\/schema\/logo\/image\/\"}}]}<\/script>\n<!-- \/ Yoast SEO plugin. -->","yoast_head_json":{"title":"Spanish - Intermediate level B1 - Institut Lope de Vega : Cours de langue espagnole en ligne","robots":{"index":"index","follow":"follow","max-snippet":"max-snippet:-1","max-image-preview":"max-image-preview:large","max-video-preview":"max-video-preview:-1"},"canonical":"https:\/\/institutlopedevega.com\/fr\/produit\/spanish-intermediate-level-b1\/","og_locale":"fr_FR","og_type":"article","og_title":"Spanish - Intermediate level B1 - Institut Lope de Vega : Cours de langue espagnole en ligne","og_description":"24 live online sessions &#8211; with a teacher +200 exercises &nbsp; Is this level right for you? Do the test! &nbsp; INTERMEDIATE LEVEL B1: Take Your Spanish Skills to the Next Level! Ready to take your Spanish skills to the next level? Our intermediate level B1 course will help you produce structured, coherent, and detailed [&hellip;]","og_url":"https:\/\/institutlopedevega.com\/fr\/produit\/spanish-intermediate-level-b1\/","og_site_name":"Institut Lope de Vega : Cours de langue espagnole en ligne","article_modified_time":"2025-02-25T22:38:52+00:00","og_image":[{"width":898,"height":599,"url":"https:\/\/institutlopedevega.com\/wp-content\/uploads\/2022\/06\/B1.png","type":"image\/png"}],"twitter_card":"summary_large_image","twitter_misc":{"Dur\u00e9e de lecture estim\u00e9e":"2 minutes"},"schema":{"@context":"https:\/\/schema.org","@graph":[{"@type":"WebPage","@id":"https:\/\/institutlopedevega.com\/product\/spanish-intermediate-level-b1\/","url":"https:\/\/institutlopedevega.com\/product\/spanish-intermediate-level-b1\/","name":"Spanish - Intermediate level B1 - Institut Lope de Vega : Cours de langue espagnole en ligne","isPartOf":{"@id":"https:\/\/institutlopedevega.com\/#website"},"primaryImageOfPage":{"@id":"https:\/\/institutlopedevega.com\/product\/spanish-intermediate-level-b1\/#primaryimage"},"image":{"@id":"https:\/\/institutlopedevega.com\/product\/spanish-intermediate-level-b1\/#primaryimage"},"thumbnailUrl":"https:\/\/institutlopedevega.com\/wp-content\/uploads\/2022\/06\/B1.png","datePublished":"2023-10-09T23:34:49+00:00","dateModified":"2025-02-25T22:38:52+00:00","breadcrumb":{"@id":"https:\/\/institutlopedevega.com\/product\/spanish-intermediate-level-b1\/#breadcrumb"},"inLanguage":"fr-FR","potentialAction":[{"@type":"ReadAction","target":["https:\/\/institutlopedevega.com\/product\/spanish-intermediate-level-b1\/"]}]},{"@type":"ImageObject","inLanguage":"fr-FR","@id":"https:\/\/institutlopedevega.com\/product\/spanish-intermediate-level-b1\/#primaryimage","url":"https:\/\/institutlopedevega.com\/wp-content\/uploads\/2022\/06\/B1.png","contentUrl":"https:\/\/institutlopedevega.com\/wp-content\/uploads\/2022\/06\/B1.png","width":898,"height":599},{"@type":"BreadcrumbList","@id":"https:\/\/institutlopedevega.com\/product\/spanish-intermediate-level-b1\/#breadcrumb","itemListElement":[{"@type":"ListItem","position":1,"name":"Home","item":"https:\/\/institutlopedevega.com\/"},{"@type":"ListItem","position":2,"name":"Shop","item":"https:\/\/institutlopedevega.com\/fr\/shop\/"},{"@type":"ListItem","position":3,"name":"Spanish &#8211; Intermediate level B1"}]},{"@type":"WebSite","@id":"https:\/\/institutlopedevega.com\/#website","url":"https:\/\/institutlopedevega.com\/","name":"Institut Lope de Vega : Cours de langue espagnole en ligne","description":"Plus de 60 ans d&#039;excellence dans l&#039;enseignement de l&#039;espagnol \u2013 Cours en direct, formations \u00e0 la demande et certifications","publisher":{"@id":"https:\/\/institutlopedevega.com\/#organization"},"potentialAction":[{"@type":"SearchAction","target":{"@type":"EntryPoint","urlTemplate":"https:\/\/institutlopedevega.com\/?s={search_term_string}"},"query-input":{"@type":"PropertyValueSpecification","valueRequired":true,"valueName":"search_term_string"}}],"inLanguage":"fr-FR"},{"@type":"Organization","@id":"https:\/\/institutlopedevega.com\/#organization","name":"Institut Lope de Vega","url":"https:\/\/institutlopedevega.com\/","logo":{"@type":"ImageObject","inLanguage":"fr-FR","@id":"https:\/\/institutlopedevega.com\/#\/schema\/logo\/image\/","url":"https:\/\/institutlopedevega.com\/wp-content\/uploads\/2022\/08\/TOP-HEADER-WITH-LOGO.png","contentUrl":"https:\/\/institutlopedevega.com\/wp-content\/uploads\/2022\/08\/TOP-HEADER-WITH-LOGO.png","width":1423,"height":429,"caption":"Institut Lope de Vega"},"image":{"@id":"https:\/\/institutlopedevega.com\/#\/schema\/logo\/image\/"}}]}},"_links":{"self":[{"href":"https:\/\/institutlopedevega.com\/fr\/wp-json\/wp\/v2\/product\/6042","targetHints":{"allow":["GET"]}}],"collection":[{"href":"https:\/\/institutlopedevega.com\/fr\/wp-json\/wp\/v2\/product"}],"about":[{"href":"https:\/\/institutlopedevega.com\/fr\/wp-json\/wp\/v2\/types\/product"}],"replies":[{"embeddable":true,"href":"https:\/\/institutlopedevega.com\/fr\/wp-json\/wp\/v2\/comments?post=6042"}],"wp:featuredmedia":[{"embeddable":true,"href":"https:\/\/institutlopedevega.com\/fr\/wp-json\/wp\/v2\/media\/5008"}],"wp:attachment":[{"href":"https:\/\/institutlopedevega.com\/fr\/wp-json\/wp\/v2\/media?parent=6042"}],"wp:term":[{"taxonomy":"product_brand","embeddable":true,"href":"https:\/\/institutlopedevega.com\/fr\/wp-json\/wp\/v2\/product_brand?post=6042"},{"taxonomy":"product_cat","embeddable":true,"href":"https:\/\/institutlopedevega.com\/fr\/wp-json\/wp\/v2\/product_cat?post=6042"},{"taxonomy":"product_tag","embeddable":true,"href":"https:\/\/institutlopedevega.com\/fr\/wp-json\/wp\/v2\/product_tag?post=6042"}],"curies":[{"name":"wp","href":"https:\/\/api.w.org\/{rel}","templated":true}]}}