{"id":6009,"date":"2023-10-04T08:07:39","date_gmt":"2023-10-04T12:07:39","guid":{"rendered":"https:\/\/institutlopedevega.com\/?post_type=product&#038;p=6009"},"modified":"2025-02-25T18:01:53","modified_gmt":"2025-02-25T23:01:53","slug":"a1","status":"publish","type":"product","link":"https:\/\/institutlopedevega.com\/fr\/produit\/a1\/","title":{"rendered":"Espagnol \u2013 niveau de base A1"},"content":{"rendered":"<p><img decoding=\"async\" class=\"alignnone wp-image-5926\" src=\"https:\/\/institutlopedevega.com\/wp-content\/uploads\/2022\/06\/user-1-300x300.png\" alt=\"\" width=\"26\" height=\"26\" srcset=\"https:\/\/institutlopedevega.com\/wp-content\/uploads\/2022\/06\/user-1-300x300.png 300w, https:\/\/institutlopedevega.com\/wp-content\/uploads\/2022\/06\/user-1-100x100.png 100w, https:\/\/institutlopedevega.com\/wp-content\/uploads\/2022\/06\/user-1-150x150.png 150w, https:\/\/institutlopedevega.com\/wp-content\/uploads\/2022\/06\/user-1-12x12.png 12w, https:\/\/institutlopedevega.com\/wp-content\/uploads\/2022\/06\/user-1.png 461w\" sizes=\"(max-width: 26px) 100vw, 26px\" \/> <b>24 sessions en ligne en direct \u2013 avec un professeur<\/b><\/p>\n<p><img decoding=\"async\" class=\"alignnone wp-image-5927\" src=\"https:\/\/institutlopedevega.com\/wp-content\/uploads\/2022\/06\/open-book-1.png\" alt=\"\" width=\"25\" height=\"25\" srcset=\"https:\/\/institutlopedevega.com\/wp-content\/uploads\/2022\/06\/open-book-1.png 297w, https:\/\/institutlopedevega.com\/wp-content\/uploads\/2022\/06\/open-book-1-100x100.png 100w, https:\/\/institutlopedevega.com\/wp-content\/uploads\/2022\/06\/open-book-1-150x150.png 150w, https:\/\/institutlopedevega.com\/wp-content\/uploads\/2022\/06\/open-book-1-12x12.png 12w\" sizes=\"(max-width: 25px) 100vw, 25px\" \/> <b>+200 exercices<\/b><\/p>\n<p><b>NIVEAU DE BASE A1<\/b>: D\u00e9couvrez la Joie de Parler Espagnol<\/p>\n<p>Pr\u00e9parez-vous \u00e0 vous embarquer dans un voyage pour apprendre l'espagnol dans notre cours de niveau de base A1 ! Que vous soyez un d\u00e9butant absolu ou que vous ayez d\u00e9j\u00e0 de l'exp\u00e9rience avec la langue, ce cours est parfait pour tous ceux qui veulent ma\u00eetriser les bases de l'espagnol.<\/p>\n<p>Au cours de ce cours, vous apprendrez \u00e0 \u00e9crire des phrases et des textes simples tout en ma\u00eetrisant les fondamentaux de la grammaire espagnole. Vous identifierez \u00e9galement les parties principales d'un texte, y compris les verbes, les noms, les adjectifs, les articles et plus encore. Avec nos instructeurs experts \u00e0 vos c\u00f4t\u00e9s, vous apprendrez \u00e0 conjuguer des verbes avec des temps et des modes, et \u00e0 utiliser un vocabulaire de base li\u00e9 \u00e0 votre vie quotidienne - des interactions aux pr\u00e9sentations, de la famille \u00e0 l'\u00e9cole, et du domicile au travail.<\/p>\n<p><b>EXPRESSION ORALE<\/b>: Parlez Espagnol avec Confiance<\/p>\n<p>La communication est essentielle ! Dans notre cours, vous renforcerez votre confiance \u00e0 parler espagnol en un rien de temps. Vous apprendrez \u00e0 vous pr\u00e9senter et \u00e0 pr\u00e9senter les autres, \u00e0 demander et \u00e0 donner des informations personnelles sur votre domicile, vos biens et vos connaissances. Vous pourrez \u00e9galement comprendre et utiliser des expressions courantes et quotidiennes, y compris des phrases sensibles visant \u00e0 satisfaire des besoins imm\u00e9diats.<\/p>\n<p>Au fur et \u00e0 mesure de votre progression dans le cours, vous communiquerez dans des dialogues simples tels que les salutations, les pr\u00e9sentations de soi, les descriptions de personnes, de choses et de lieux. Nos instructeurs exp\u00e9riment\u00e9s vous guideront \u00e0 chaque \u00e9tape, vous assurant de recevoir des commentaires personnalis\u00e9s et un soutien constant.<\/p>\n<p>Rejoignez notre communaut\u00e9 d'apprenants en espagnol et d\u00e9couvrons ensemble la joie de parler espagnol !<\/p>","protected":false},"excerpt":{"rendered":"<p>24 live online sessions &#8211; with a teacher +200 exercises BASIC LEVEL A1: Discover the Joy of Speaking Spanish Get ready to embark on a journey to learn Spanish at our basic level A1 course! Whether you&#8217;re an absolute beginner or have some experience with the language, this course is perfect for anyone who wants [&hellip;]<\/p>","protected":false},"featured_media":5006,"comment_status":"closed","ping_status":"closed","template":"","meta":[],"product_brand":[],"product_cat":[89],"product_tag":[],"class_list":{"0":"post-6009","1":"product","2":"type-product","3":"status-publish","4":"has-post-thumbnail","6":"product_cat-uncategorized","8":"first","9":"instock","10":"shipping-taxable","11":"purchasable","12":"product-type-variable"},"yoast_head":"<!-- This site is optimized with the Yoast SEO plugin v26.7 - https:\/\/yoast.com\/wordpress\/plugins\/seo\/ -->\n<title>Spanish - basic level A1 - Institut Lope de Vega : Cours de langue espagnole en ligne<\/title>\n<meta name=\"robots\" content=\"index, follow, max-snippet:-1, max-image-preview:large, max-video-preview:-1\" \/>\n<link rel=\"canonical\" href=\"https:\/\/institutlopedevega.com\/fr\/produit\/a1\/\" \/>\n<meta property=\"og:locale\" content=\"fr_FR\" \/>\n<meta property=\"og:type\" content=\"article\" \/>\n<meta property=\"og:title\" content=\"Spanish - basic level A1 - Institut Lope de Vega : Cours de langue espagnole en ligne\" \/>\n<meta property=\"og:description\" content=\"24 live online sessions &#8211; with a teacher +200 exercises BASIC LEVEL A1: Discover the Joy of Speaking Spanish Get ready to embark on a journey to learn Spanish at our basic level A1 course! Whether you&#8217;re an absolute beginner or have some experience with the language, this course is perfect for anyone who wants [&hellip;]\" \/>\n<meta property=\"og:url\" content=\"https:\/\/institutlopedevega.com\/fr\/produit\/a1\/\" \/>\n<meta property=\"og:site_name\" content=\"Institut Lope de Vega : Cours de langue espagnole en ligne\" \/>\n<meta property=\"article:modified_time\" content=\"2025-02-25T23:01:53+00:00\" \/>\n<meta property=\"og:image\" content=\"https:\/\/institutlopedevega.com\/wp-content\/uploads\/2022\/06\/A1-4.png\" \/>\n\t<meta property=\"og:image:width\" content=\"898\" \/>\n\t<meta property=\"og:image:height\" content=\"599\" \/>\n\t<meta property=\"og:image:type\" content=\"image\/png\" \/>\n<meta name=\"twitter:card\" content=\"summary_large_image\" \/>\n<meta name=\"twitter:label1\" content=\"Dur\u00e9e de lecture estim\u00e9e\" \/>\n\t<meta name=\"twitter:data1\" content=\"2 minutes\" \/>\n<script type=\"application\/ld+json\" class=\"yoast-schema-graph\">{\"@context\":\"https:\/\/schema.org\",\"@graph\":[{\"@type\":\"WebPage\",\"@id\":\"https:\/\/institutlopedevega.com\/product\/a1\/\",\"url\":\"https:\/\/institutlopedevega.com\/product\/a1\/\",\"name\":\"Spanish - basic level A1 - Institut Lope de Vega : Cours de langue espagnole en ligne\",\"isPartOf\":{\"@id\":\"https:\/\/institutlopedevega.com\/#website\"},\"primaryImageOfPage\":{\"@id\":\"https:\/\/institutlopedevega.com\/product\/a1\/#primaryimage\"},\"image\":{\"@id\":\"https:\/\/institutlopedevega.com\/product\/a1\/#primaryimage\"},\"thumbnailUrl\":\"https:\/\/institutlopedevega.com\/wp-content\/uploads\/2022\/06\/A1-4.png\",\"datePublished\":\"2023-10-04T12:07:39+00:00\",\"dateModified\":\"2025-02-25T23:01:53+00:00\",\"breadcrumb\":{\"@id\":\"https:\/\/institutlopedevega.com\/product\/a1\/#breadcrumb\"},\"inLanguage\":\"fr-FR\",\"potentialAction\":[{\"@type\":\"ReadAction\",\"target\":[\"https:\/\/institutlopedevega.com\/product\/a1\/\"]}]},{\"@type\":\"ImageObject\",\"inLanguage\":\"fr-FR\",\"@id\":\"https:\/\/institutlopedevega.com\/product\/a1\/#primaryimage\",\"url\":\"https:\/\/institutlopedevega.com\/wp-content\/uploads\/2022\/06\/A1-4.png\",\"contentUrl\":\"https:\/\/institutlopedevega.com\/wp-content\/uploads\/2022\/06\/A1-4.png\",\"width\":898,\"height\":599},{\"@type\":\"BreadcrumbList\",\"@id\":\"https:\/\/institutlopedevega.com\/product\/a1\/#breadcrumb\",\"itemListElement\":[{\"@type\":\"ListItem\",\"position\":1,\"name\":\"Home\",\"item\":\"https:\/\/institutlopedevega.com\/\"},{\"@type\":\"ListItem\",\"position\":2,\"name\":\"Shop\",\"item\":\"https:\/\/institutlopedevega.com\/fr\/shop\/\"},{\"@type\":\"ListItem\",\"position\":3,\"name\":\"Spanish &#8211; basic level A1\"}]},{\"@type\":\"WebSite\",\"@id\":\"https:\/\/institutlopedevega.com\/#website\",\"url\":\"https:\/\/institutlopedevega.com\/\",\"name\":\"Institut Lope de Vega : Cours de langue espagnole en ligne\",\"description\":\"Plus de 60 ans d&#039;excellence dans l&#039;enseignement de l&#039;espagnol \u2013 Cours en direct, formations \u00e0 la demande et certifications\",\"publisher\":{\"@id\":\"https:\/\/institutlopedevega.com\/#organization\"},\"potentialAction\":[{\"@type\":\"SearchAction\",\"target\":{\"@type\":\"EntryPoint\",\"urlTemplate\":\"https:\/\/institutlopedevega.com\/?s={search_term_string}\"},\"query-input\":{\"@type\":\"PropertyValueSpecification\",\"valueRequired\":true,\"valueName\":\"search_term_string\"}}],\"inLanguage\":\"fr-FR\"},{\"@type\":\"Organization\",\"@id\":\"https:\/\/institutlopedevega.com\/#organization\",\"name\":\"Institut Lope de Vega\",\"url\":\"https:\/\/institutlopedevega.com\/\",\"logo\":{\"@type\":\"ImageObject\",\"inLanguage\":\"fr-FR\",\"@id\":\"https:\/\/institutlopedevega.com\/#\/schema\/logo\/image\/\",\"url\":\"https:\/\/institutlopedevega.com\/wp-content\/uploads\/2022\/08\/TOP-HEADER-WITH-LOGO.png\",\"contentUrl\":\"https:\/\/institutlopedevega.com\/wp-content\/uploads\/2022\/08\/TOP-HEADER-WITH-LOGO.png\",\"width\":1423,\"height\":429,\"caption\":\"Institut Lope de Vega\"},\"image\":{\"@id\":\"https:\/\/institutlopedevega.com\/#\/schema\/logo\/image\/\"}}]}<\/script>\n<!-- \/ Yoast SEO plugin. -->","yoast_head_json":{"title":"Spanish - basic level A1 - Institut Lope de Vega : Cours de langue espagnole en ligne","robots":{"index":"index","follow":"follow","max-snippet":"max-snippet:-1","max-image-preview":"max-image-preview:large","max-video-preview":"max-video-preview:-1"},"canonical":"https:\/\/institutlopedevega.com\/fr\/produit\/a1\/","og_locale":"fr_FR","og_type":"article","og_title":"Spanish - basic level A1 - Institut Lope de Vega : Cours de langue espagnole en ligne","og_description":"24 live online sessions &#8211; with a teacher +200 exercises BASIC LEVEL A1: Discover the Joy of Speaking Spanish Get ready to embark on a journey to learn Spanish at our basic level A1 course! Whether you&#8217;re an absolute beginner or have some experience with the language, this course is perfect for anyone who wants [&hellip;]","og_url":"https:\/\/institutlopedevega.com\/fr\/produit\/a1\/","og_site_name":"Institut Lope de Vega : Cours de langue espagnole en ligne","article_modified_time":"2025-02-25T23:01:53+00:00","og_image":[{"width":898,"height":599,"url":"https:\/\/institutlopedevega.com\/wp-content\/uploads\/2022\/06\/A1-4.png","type":"image\/png"}],"twitter_card":"summary_large_image","twitter_misc":{"Dur\u00e9e de lecture estim\u00e9e":"2 minutes"},"schema":{"@context":"https:\/\/schema.org","@graph":[{"@type":"WebPage","@id":"https:\/\/institutlopedevega.com\/product\/a1\/","url":"https:\/\/institutlopedevega.com\/product\/a1\/","name":"Spanish - basic level A1 - Institut Lope de Vega : Cours de langue espagnole en ligne","isPartOf":{"@id":"https:\/\/institutlopedevega.com\/#website"},"primaryImageOfPage":{"@id":"https:\/\/institutlopedevega.com\/product\/a1\/#primaryimage"},"image":{"@id":"https:\/\/institutlopedevega.com\/product\/a1\/#primaryimage"},"thumbnailUrl":"https:\/\/institutlopedevega.com\/wp-content\/uploads\/2022\/06\/A1-4.png","datePublished":"2023-10-04T12:07:39+00:00","dateModified":"2025-02-25T23:01:53+00:00","breadcrumb":{"@id":"https:\/\/institutlopedevega.com\/product\/a1\/#breadcrumb"},"inLanguage":"fr-FR","potentialAction":[{"@type":"ReadAction","target":["https:\/\/institutlopedevega.com\/product\/a1\/"]}]},{"@type":"ImageObject","inLanguage":"fr-FR","@id":"https:\/\/institutlopedevega.com\/product\/a1\/#primaryimage","url":"https:\/\/institutlopedevega.com\/wp-content\/uploads\/2022\/06\/A1-4.png","contentUrl":"https:\/\/institutlopedevega.com\/wp-content\/uploads\/2022\/06\/A1-4.png","width":898,"height":599},{"@type":"BreadcrumbList","@id":"https:\/\/institutlopedevega.com\/product\/a1\/#breadcrumb","itemListElement":[{"@type":"ListItem","position":1,"name":"Home","item":"https:\/\/institutlopedevega.com\/"},{"@type":"ListItem","position":2,"name":"Shop","item":"https:\/\/institutlopedevega.com\/fr\/shop\/"},{"@type":"ListItem","position":3,"name":"Spanish &#8211; basic level A1"}]},{"@type":"WebSite","@id":"https:\/\/institutlopedevega.com\/#website","url":"https:\/\/institutlopedevega.com\/","name":"Institut Lope de Vega : Cours de langue espagnole en ligne","description":"Plus de 60 ans d&#039;excellence dans l&#039;enseignement de l&#039;espagnol \u2013 Cours en direct, formations \u00e0 la demande et certifications","publisher":{"@id":"https:\/\/institutlopedevega.com\/#organization"},"potentialAction":[{"@type":"SearchAction","target":{"@type":"EntryPoint","urlTemplate":"https:\/\/institutlopedevega.com\/?s={search_term_string}"},"query-input":{"@type":"PropertyValueSpecification","valueRequired":true,"valueName":"search_term_string"}}],"inLanguage":"fr-FR"},{"@type":"Organization","@id":"https:\/\/institutlopedevega.com\/#organization","name":"Institut Lope de Vega","url":"https:\/\/institutlopedevega.com\/","logo":{"@type":"ImageObject","inLanguage":"fr-FR","@id":"https:\/\/institutlopedevega.com\/#\/schema\/logo\/image\/","url":"https:\/\/institutlopedevega.com\/wp-content\/uploads\/2022\/08\/TOP-HEADER-WITH-LOGO.png","contentUrl":"https:\/\/institutlopedevega.com\/wp-content\/uploads\/2022\/08\/TOP-HEADER-WITH-LOGO.png","width":1423,"height":429,"caption":"Institut Lope de Vega"},"image":{"@id":"https:\/\/institutlopedevega.com\/#\/schema\/logo\/image\/"}}]}},"_links":{"self":[{"href":"https:\/\/institutlopedevega.com\/fr\/wp-json\/wp\/v2\/product\/6009","targetHints":{"allow":["GET"]}}],"collection":[{"href":"https:\/\/institutlopedevega.com\/fr\/wp-json\/wp\/v2\/product"}],"about":[{"href":"https:\/\/institutlopedevega.com\/fr\/wp-json\/wp\/v2\/types\/product"}],"replies":[{"embeddable":true,"href":"https:\/\/institutlopedevega.com\/fr\/wp-json\/wp\/v2\/comments?post=6009"}],"wp:featuredmedia":[{"embeddable":true,"href":"https:\/\/institutlopedevega.com\/fr\/wp-json\/wp\/v2\/media\/5006"}],"wp:attachment":[{"href":"https:\/\/institutlopedevega.com\/fr\/wp-json\/wp\/v2\/media?parent=6009"}],"wp:term":[{"taxonomy":"product_brand","embeddable":true,"href":"https:\/\/institutlopedevega.com\/fr\/wp-json\/wp\/v2\/product_brand?post=6009"},{"taxonomy":"product_cat","embeddable":true,"href":"https:\/\/institutlopedevega.com\/fr\/wp-json\/wp\/v2\/product_cat?post=6009"},{"taxonomy":"product_tag","embeddable":true,"href":"https:\/\/institutlopedevega.com\/fr\/wp-json\/wp\/v2\/product_tag?post=6009"}],"curies":[{"name":"wp","href":"https:\/\/api.w.org\/{rel}","templated":true}]}}