{"id":6042,"date":"2023-10-09T19:34:49","date_gmt":"2023-10-09T23:34:49","guid":{"rendered":"https:\/\/institutlopedevega.com\/?post_type=product&#038;p=6042"},"modified":"2025-02-25T17:38:52","modified_gmt":"2025-02-25T22:38:52","slug":"spanish-intermediate-level-b1","status":"publish","type":"product","link":"https:\/\/institutlopedevega.com\/cr\/product\/spanish-intermediate-level-b1\/","title":{"rendered":"Pany\u00f2l - nivo ent\u00e8medy\u00e8 B1"},"content":{"rendered":"<p><img decoding=\"async\" class=\"alignnone wp-image-5926\" src=\"https:\/\/institutlopedevega.com\/wp-content\/uploads\/2022\/06\/user-1-300x300.png\" alt=\"\" width=\"26\" height=\"26\" srcset=\"https:\/\/institutlopedevega.com\/wp-content\/uploads\/2022\/06\/user-1-300x300.png 300w, https:\/\/institutlopedevega.com\/wp-content\/uploads\/2022\/06\/user-1-100x100.png 100w, https:\/\/institutlopedevega.com\/wp-content\/uploads\/2022\/06\/user-1-150x150.png 150w, https:\/\/institutlopedevega.com\/wp-content\/uploads\/2022\/06\/user-1-12x12.png 12w, https:\/\/institutlopedevega.com\/wp-content\/uploads\/2022\/06\/user-1.png 461w\" sizes=\"(max-width: 26px) 100vw, 26px\" \/> <b>24 sesyon ap viv sou ent\u00e8n\u00e8t - ak yon pwofes\u00e8<\/b><\/p>\n<p><img decoding=\"async\" class=\"alignnone wp-image-5927\" src=\"https:\/\/institutlopedevega.com\/wp-content\/uploads\/2022\/06\/open-book-1.png\" alt=\"\" width=\"25\" height=\"25\" srcset=\"https:\/\/institutlopedevega.com\/wp-content\/uploads\/2022\/06\/open-book-1.png 297w, https:\/\/institutlopedevega.com\/wp-content\/uploads\/2022\/06\/open-book-1-100x100.png 100w, https:\/\/institutlopedevega.com\/wp-content\/uploads\/2022\/06\/open-book-1-150x150.png 150w, https:\/\/institutlopedevega.com\/wp-content\/uploads\/2022\/06\/open-book-1-12x12.png 12w\" sizes=\"(max-width: 25px) 100vw, 25px\" \/> <b>+200 egz\u00e8sis<\/b><\/p>\n<p>&nbsp;<\/p>\n<h3><a href=\"https:\/\/clases.institutlopedevega.com\/mod\/quiz\/view.php?id=819\">Is this level right for you? Do the test!<\/a><\/h3>\n<p>&nbsp;<\/p>\n<p><b>NIVO INTERMEDIATE B1<\/b>: Amelyore konpetans ou nan Pany\u00f2l!<\/p>\n<p>Pare pou amelyore konpetans pany\u00f2l ou? Kou B1 nivo ent\u00e8medy\u00e8 nou an ap p\u00e8m\u00e8t ou pwodwi t\u00e8ks estriktire, aderan ak detaye sou sij\u00e8 abitye ansanm ak sij\u00e8 p\u00e8son\u00e8l ak akty\u00e8l. Ou pral kapab dekri eksperyans, ev\u00e8nman, volonte ak aspirasyon, epi jistifye yon ti tan opinyon oswa plan pou lavni. Ou pral metrize tou r\u00e8g gram\u00e8 kle yo, ki gen ladan v\u00e8b iregilye, tansyon ak atitid, vwa pasif, ak defann yon pwen de vi.<\/p>\n<p><b>EKSPRESYON ORAL<\/b>: Pale ak konfyans<\/p>\n<p>Av\u00e8k kou nivo B1 Ent\u00e8medy\u00e8 nou an, ou pral kapab bay lide ou yo lavi nan lang estanda epi f\u00e8 fas ak kesyon ak echanj komen ak akty\u00e8l. Ou pral metrize tou pif\u00f2 sitiyasyon ki ka rive nan yon anviw\u00f2nman ki pale Pany\u00f2l, sa ki ede w santi w konfyans nan kapasite w pou kominike efektivman.<\/p>\n<p><b>SIST\u00c8M EVALYASYON<\/b>: Aprann epi grandi ak evalyasyon konpl\u00e8<\/p>\n<p>Sist\u00e8m fidbak konpl\u00e8 nou an asire w ap resevwa fidbak ak sip\u00f2 p\u00e8sonalize. Yo pral f\u00e8 yon evalyasyon nan fen chak sesyon ak yon val\u00e8 total de 100 pwen. Ou pral bezwen n\u00f2t omwen 60 pwen pou pase, divize jan sa a:<\/p>\n<ol>\n<li>Egzamen final ekri (40 pwen)<\/li>\n<li>Final egzamen oral (40 pwen)<\/li>\n<li>Egz\u00e8sis evalyasyon salklas (kesyon\u00e8) (18 pwen)<\/li>\n<li>Prezans ak patisipasyon nan klas (2 pwen)<\/li>\n<\/ol>\n<blockquote><p>**Remak: Yo pral eksplore chak t\u00e8m an pwofond\u00e8 atrav\u00e8 aktivite pratik tankou dyal\u00f2g, egz\u00e8sis pou pale, deskripsyon foto ak koute odyo.<\/p><\/blockquote>","protected":false},"excerpt":{"rendered":"<p>24 live online sessions &#8211; with a teacher +200 exercises &nbsp; Is this level right for you? Do the test! &nbsp; INTERMEDIATE LEVEL B1: Take Your Spanish Skills to the Next Level! Ready to take your Spanish skills to the next level? Our intermediate level B1 course will help you produce structured, coherent, and detailed [&hellip;]<\/p>","protected":false},"featured_media":5008,"comment_status":"closed","ping_status":"closed","template":"","meta":[],"product_brand":[],"product_cat":[89],"product_tag":[],"class_list":{"0":"post-6042","1":"product","2":"type-product","3":"status-publish","4":"has-post-thumbnail","6":"product_cat-uncategorized","8":"first","9":"instock","10":"shipping-taxable","11":"purchasable","12":"product-type-variable"},"yoast_head":"<!-- This site is optimized with the Yoast SEO plugin v26.7 - https:\/\/yoast.com\/wordpress\/plugins\/seo\/ -->\n<title>Spanish - Intermediate level B1 - Institut Lope de Vega : Cours de langue espagnole en ligne<\/title>\n<meta name=\"robots\" content=\"index, follow, max-snippet:-1, max-image-preview:large, max-video-preview:-1\" \/>\n<link rel=\"canonical\" href=\"https:\/\/institutlopedevega.com\/cr\/product\/spanish-intermediate-level-b1\/\" \/>\n<meta property=\"og:locale\" content=\"en_US\" \/>\n<meta property=\"og:type\" content=\"article\" \/>\n<meta property=\"og:title\" content=\"Spanish - Intermediate level B1 - Institut Lope de Vega : Cours de langue espagnole en ligne\" \/>\n<meta property=\"og:description\" content=\"24 live online sessions &#8211; with a teacher +200 exercises &nbsp; Is this level right for you? Do the test! &nbsp; INTERMEDIATE LEVEL B1: Take Your Spanish Skills to the Next Level! Ready to take your Spanish skills to the next level? Our intermediate level B1 course will help you produce structured, coherent, and detailed [&hellip;]\" \/>\n<meta property=\"og:url\" content=\"https:\/\/institutlopedevega.com\/cr\/product\/spanish-intermediate-level-b1\/\" \/>\n<meta property=\"og:site_name\" content=\"Institut Lope de Vega : Cours de langue espagnole en ligne\" \/>\n<meta property=\"article:modified_time\" content=\"2025-02-25T22:38:52+00:00\" \/>\n<meta property=\"og:image\" content=\"https:\/\/institutlopedevega.com\/wp-content\/uploads\/2022\/06\/B1.png\" \/>\n\t<meta property=\"og:image:width\" content=\"898\" \/>\n\t<meta property=\"og:image:height\" content=\"599\" \/>\n\t<meta property=\"og:image:type\" content=\"image\/png\" \/>\n<meta name=\"twitter:card\" content=\"summary_large_image\" \/>\n<meta name=\"twitter:label1\" content=\"Est. reading time\" \/>\n\t<meta name=\"twitter:data1\" content=\"2 minutes\" \/>\n<script type=\"application\/ld+json\" class=\"yoast-schema-graph\">{\"@context\":\"https:\/\/schema.org\",\"@graph\":[{\"@type\":\"WebPage\",\"@id\":\"https:\/\/institutlopedevega.com\/product\/spanish-intermediate-level-b1\/\",\"url\":\"https:\/\/institutlopedevega.com\/product\/spanish-intermediate-level-b1\/\",\"name\":\"Spanish - Intermediate level B1 - Institut Lope de Vega : Cours de langue espagnole en ligne\",\"isPartOf\":{\"@id\":\"https:\/\/institutlopedevega.com\/#website\"},\"primaryImageOfPage\":{\"@id\":\"https:\/\/institutlopedevega.com\/product\/spanish-intermediate-level-b1\/#primaryimage\"},\"image\":{\"@id\":\"https:\/\/institutlopedevega.com\/product\/spanish-intermediate-level-b1\/#primaryimage\"},\"thumbnailUrl\":\"https:\/\/institutlopedevega.com\/wp-content\/uploads\/2022\/06\/B1.png\",\"datePublished\":\"2023-10-09T23:34:49+00:00\",\"dateModified\":\"2025-02-25T22:38:52+00:00\",\"breadcrumb\":{\"@id\":\"https:\/\/institutlopedevega.com\/product\/spanish-intermediate-level-b1\/#breadcrumb\"},\"inLanguage\":\"CR\",\"potentialAction\":[{\"@type\":\"ReadAction\",\"target\":[\"https:\/\/institutlopedevega.com\/product\/spanish-intermediate-level-b1\/\"]}]},{\"@type\":\"ImageObject\",\"inLanguage\":\"CR\",\"@id\":\"https:\/\/institutlopedevega.com\/product\/spanish-intermediate-level-b1\/#primaryimage\",\"url\":\"https:\/\/institutlopedevega.com\/wp-content\/uploads\/2022\/06\/B1.png\",\"contentUrl\":\"https:\/\/institutlopedevega.com\/wp-content\/uploads\/2022\/06\/B1.png\",\"width\":898,\"height\":599},{\"@type\":\"BreadcrumbList\",\"@id\":\"https:\/\/institutlopedevega.com\/product\/spanish-intermediate-level-b1\/#breadcrumb\",\"itemListElement\":[{\"@type\":\"ListItem\",\"position\":1,\"name\":\"Home\",\"item\":\"https:\/\/institutlopedevega.com\/\"},{\"@type\":\"ListItem\",\"position\":2,\"name\":\"Shop\",\"item\":\"https:\/\/institutlopedevega.com\/fr\/shop\/\"},{\"@type\":\"ListItem\",\"position\":3,\"name\":\"Spanish &#8211; Intermediate level B1\"}]},{\"@type\":\"WebSite\",\"@id\":\"https:\/\/institutlopedevega.com\/#website\",\"url\":\"https:\/\/institutlopedevega.com\/\",\"name\":\"Institut Lope de Vega : Cours de langue espagnole en ligne\",\"description\":\"Plus de 60 ans d&#039;excellence dans l&#039;enseignement de l&#039;espagnol \u2013 Cours en direct, formations \u00e0 la demande et certifications\",\"publisher\":{\"@id\":\"https:\/\/institutlopedevega.com\/#organization\"},\"potentialAction\":[{\"@type\":\"SearchAction\",\"target\":{\"@type\":\"EntryPoint\",\"urlTemplate\":\"https:\/\/institutlopedevega.com\/?s={search_term_string}\"},\"query-input\":{\"@type\":\"PropertyValueSpecification\",\"valueRequired\":true,\"valueName\":\"search_term_string\"}}],\"inLanguage\":\"CR\"},{\"@type\":\"Organization\",\"@id\":\"https:\/\/institutlopedevega.com\/#organization\",\"name\":\"Institut Lope de Vega\",\"url\":\"https:\/\/institutlopedevega.com\/\",\"logo\":{\"@type\":\"ImageObject\",\"inLanguage\":\"CR\",\"@id\":\"https:\/\/institutlopedevega.com\/#\/schema\/logo\/image\/\",\"url\":\"https:\/\/institutlopedevega.com\/wp-content\/uploads\/2022\/08\/TOP-HEADER-WITH-LOGO.png\",\"contentUrl\":\"https:\/\/institutlopedevega.com\/wp-content\/uploads\/2022\/08\/TOP-HEADER-WITH-LOGO.png\",\"width\":1423,\"height\":429,\"caption\":\"Institut Lope de Vega\"},\"image\":{\"@id\":\"https:\/\/institutlopedevega.com\/#\/schema\/logo\/image\/\"}}]}<\/script>\n<!-- \/ Yoast SEO plugin. -->","yoast_head_json":{"title":"Spanish - Intermediate level B1 - Institut Lope de Vega : Cours de langue espagnole en ligne","robots":{"index":"index","follow":"follow","max-snippet":"max-snippet:-1","max-image-preview":"max-image-preview:large","max-video-preview":"max-video-preview:-1"},"canonical":"https:\/\/institutlopedevega.com\/cr\/product\/spanish-intermediate-level-b1\/","og_locale":"en_US","og_type":"article","og_title":"Spanish - Intermediate level B1 - Institut Lope de Vega : Cours de langue espagnole en ligne","og_description":"24 live online sessions &#8211; with a teacher +200 exercises &nbsp; Is this level right for you? Do the test! &nbsp; INTERMEDIATE LEVEL B1: Take Your Spanish Skills to the Next Level! Ready to take your Spanish skills to the next level? Our intermediate level B1 course will help you produce structured, coherent, and detailed [&hellip;]","og_url":"https:\/\/institutlopedevega.com\/cr\/product\/spanish-intermediate-level-b1\/","og_site_name":"Institut Lope de Vega : Cours de langue espagnole en ligne","article_modified_time":"2025-02-25T22:38:52+00:00","og_image":[{"width":898,"height":599,"url":"https:\/\/institutlopedevega.com\/wp-content\/uploads\/2022\/06\/B1.png","type":"image\/png"}],"twitter_card":"summary_large_image","twitter_misc":{"Est. reading time":"2 minutes"},"schema":{"@context":"https:\/\/schema.org","@graph":[{"@type":"WebPage","@id":"https:\/\/institutlopedevega.com\/product\/spanish-intermediate-level-b1\/","url":"https:\/\/institutlopedevega.com\/product\/spanish-intermediate-level-b1\/","name":"Spanish - Intermediate level B1 - Institut Lope de Vega : Cours de langue espagnole en ligne","isPartOf":{"@id":"https:\/\/institutlopedevega.com\/#website"},"primaryImageOfPage":{"@id":"https:\/\/institutlopedevega.com\/product\/spanish-intermediate-level-b1\/#primaryimage"},"image":{"@id":"https:\/\/institutlopedevega.com\/product\/spanish-intermediate-level-b1\/#primaryimage"},"thumbnailUrl":"https:\/\/institutlopedevega.com\/wp-content\/uploads\/2022\/06\/B1.png","datePublished":"2023-10-09T23:34:49+00:00","dateModified":"2025-02-25T22:38:52+00:00","breadcrumb":{"@id":"https:\/\/institutlopedevega.com\/product\/spanish-intermediate-level-b1\/#breadcrumb"},"inLanguage":"CR","potentialAction":[{"@type":"ReadAction","target":["https:\/\/institutlopedevega.com\/product\/spanish-intermediate-level-b1\/"]}]},{"@type":"ImageObject","inLanguage":"CR","@id":"https:\/\/institutlopedevega.com\/product\/spanish-intermediate-level-b1\/#primaryimage","url":"https:\/\/institutlopedevega.com\/wp-content\/uploads\/2022\/06\/B1.png","contentUrl":"https:\/\/institutlopedevega.com\/wp-content\/uploads\/2022\/06\/B1.png","width":898,"height":599},{"@type":"BreadcrumbList","@id":"https:\/\/institutlopedevega.com\/product\/spanish-intermediate-level-b1\/#breadcrumb","itemListElement":[{"@type":"ListItem","position":1,"name":"Home","item":"https:\/\/institutlopedevega.com\/"},{"@type":"ListItem","position":2,"name":"Shop","item":"https:\/\/institutlopedevega.com\/fr\/shop\/"},{"@type":"ListItem","position":3,"name":"Spanish &#8211; Intermediate level B1"}]},{"@type":"WebSite","@id":"https:\/\/institutlopedevega.com\/#website","url":"https:\/\/institutlopedevega.com\/","name":"Institut Lope de Vega : Cours de langue espagnole en ligne","description":"Plus de 60 ans d&#039;excellence dans l&#039;enseignement de l&#039;espagnol \u2013 Cours en direct, formations \u00e0 la demande et certifications","publisher":{"@id":"https:\/\/institutlopedevega.com\/#organization"},"potentialAction":[{"@type":"SearchAction","target":{"@type":"EntryPoint","urlTemplate":"https:\/\/institutlopedevega.com\/?s={search_term_string}"},"query-input":{"@type":"PropertyValueSpecification","valueRequired":true,"valueName":"search_term_string"}}],"inLanguage":"CR"},{"@type":"Organization","@id":"https:\/\/institutlopedevega.com\/#organization","name":"Institut Lope de Vega","url":"https:\/\/institutlopedevega.com\/","logo":{"@type":"ImageObject","inLanguage":"CR","@id":"https:\/\/institutlopedevega.com\/#\/schema\/logo\/image\/","url":"https:\/\/institutlopedevega.com\/wp-content\/uploads\/2022\/08\/TOP-HEADER-WITH-LOGO.png","contentUrl":"https:\/\/institutlopedevega.com\/wp-content\/uploads\/2022\/08\/TOP-HEADER-WITH-LOGO.png","width":1423,"height":429,"caption":"Institut Lope de Vega"},"image":{"@id":"https:\/\/institutlopedevega.com\/#\/schema\/logo\/image\/"}}]}},"_links":{"self":[{"href":"https:\/\/institutlopedevega.com\/cr\/wp-json\/wp\/v2\/product\/6042","targetHints":{"allow":["GET"]}}],"collection":[{"href":"https:\/\/institutlopedevega.com\/cr\/wp-json\/wp\/v2\/product"}],"about":[{"href":"https:\/\/institutlopedevega.com\/cr\/wp-json\/wp\/v2\/types\/product"}],"replies":[{"embeddable":true,"href":"https:\/\/institutlopedevega.com\/cr\/wp-json\/wp\/v2\/comments?post=6042"}],"wp:featuredmedia":[{"embeddable":true,"href":"https:\/\/institutlopedevega.com\/cr\/wp-json\/wp\/v2\/media\/5008"}],"wp:attachment":[{"href":"https:\/\/institutlopedevega.com\/cr\/wp-json\/wp\/v2\/media?parent=6042"}],"wp:term":[{"taxonomy":"product_brand","embeddable":true,"href":"https:\/\/institutlopedevega.com\/cr\/wp-json\/wp\/v2\/product_brand?post=6042"},{"taxonomy":"product_cat","embeddable":true,"href":"https:\/\/institutlopedevega.com\/cr\/wp-json\/wp\/v2\/product_cat?post=6042"},{"taxonomy":"product_tag","embeddable":true,"href":"https:\/\/institutlopedevega.com\/cr\/wp-json\/wp\/v2\/product_tag?post=6042"}],"curies":[{"name":"wp","href":"https:\/\/api.w.org\/{rel}","templated":true}]}}