{"id":4038,"date":"2022-10-05T20:50:13","date_gmt":"2022-10-05T20:50:13","guid":{"rendered":"https:\/\/institutlopedevega.com\/?page_id=4038"},"modified":"2022-10-28T12:40:10","modified_gmt":"2022-10-28T12:40:10","slug":"apropo","status":"publish","type":"page","link":"https:\/\/institutlopedevega.com\/cr\/apropo\/","title":{"rendered":"Apropo"},"content":{"rendered":"<div data-elementor-type=\"wp-page\" data-elementor-id=\"4038\" class=\"elementor elementor-4038\" data-elementor-post-type=\"page\">\n\t\t\t\t\t\t<section class=\"elementor-section elementor-top-section elementor-element elementor-element-4e2e8832 elementor-hidden-mobile elementor-section-boxed elementor-section-height-default elementor-section-height-default exad-glass-effect-no exad-sticky-section-no\" data-id=\"4e2e8832\" data-element_type=\"section\">\n\t\t\t\t\t\t<div class=\"elementor-container elementor-column-gap-default\">\n\t\t\t\t\t<div class=\"elementor-column elementor-col-100 elementor-top-column elementor-element elementor-element-371b6c00 exad-glass-effect-no exad-sticky-section-no\" data-id=\"371b6c00\" data-element_type=\"column\">\n\t\t\t<div class=\"elementor-widget-wrap elementor-element-populated\">\n\t\t\t\t\t\t<div class=\"elementor-element elementor-element-14d2fc4a exad-sticky-section-no exad-glass-effect-no elementor-widget elementor-widget-spacer\" data-id=\"14d2fc4a\" data-element_type=\"widget\" data-widget_type=\"spacer.default\">\n\t\t\t\t<div class=\"elementor-widget-container\">\n\t\t\t\t\t\t\t<div class=\"elementor-spacer\">\n\t\t\t<div class=\"elementor-spacer-inner\"><\/div>\n\t\t<\/div>\n\t\t\t\t\t\t<\/div>\n\t\t\t\t<\/div>\n\t\t\t\t\t<\/div>\n\t\t<\/div>\n\t\t\t\t\t<\/div>\n\t\t<\/section>\n\t\t\t\t<section class=\"elementor-section elementor-top-section elementor-element elementor-element-7ff0ae43 elementor-section-boxed elementor-section-height-default elementor-section-height-default exad-glass-effect-no exad-sticky-section-no\" data-id=\"7ff0ae43\" data-element_type=\"section\">\n\t\t\t\t\t\t<div class=\"elementor-container elementor-column-gap-default\">\n\t\t\t\t\t<div class=\"elementor-column elementor-col-50 elementor-top-column elementor-element elementor-element-3e851857 exad-glass-effect-no exad-sticky-section-no\" data-id=\"3e851857\" data-element_type=\"column\">\n\t\t\t<div class=\"elementor-widget-wrap elementor-element-populated\">\n\t\t\t\t\t\t<div class=\"elementor-element elementor-element-52ca796 exad-sticky-section-no exad-glass-effect-no elementor-widget elementor-widget-image\" data-id=\"52ca796\" data-element_type=\"widget\" data-widget_type=\"image.default\">\n\t\t\t\t<div class=\"elementor-widget-container\">\n\t\t\t\t\t\t\t\t\t\t\t\t\t\t\t<img fetchpriority=\"high\" decoding=\"async\" width=\"755\" height=\"1024\" src=\"https:\/\/institutlopedevega.com\/wp-content\/uploads\/2022\/08\/lamothe-755x1024.png\" class=\"attachment-large size-large wp-image-2557\" alt=\"\" srcset=\"https:\/\/institutlopedevega.com\/wp-content\/uploads\/2022\/08\/lamothe-755x1024.png 755w, https:\/\/institutlopedevega.com\/wp-content\/uploads\/2022\/08\/lamothe-300x407.png 300w, https:\/\/institutlopedevega.com\/wp-content\/uploads\/2022\/08\/lamothe-600x813.png 600w, https:\/\/institutlopedevega.com\/wp-content\/uploads\/2022\/08\/lamothe-221x300.png 221w, https:\/\/institutlopedevega.com\/wp-content\/uploads\/2022\/08\/lamothe-768x1041.png 768w, https:\/\/institutlopedevega.com\/wp-content\/uploads\/2022\/08\/lamothe-1133x1536.png 1133w, https:\/\/institutlopedevega.com\/wp-content\/uploads\/2022\/08\/lamothe.png 1162w\" sizes=\"(max-width: 755px) 100vw, 755px\" \/>\t\t\t\t\t\t\t\t\t\t\t\t\t\t\t<\/div>\n\t\t\t\t<\/div>\n\t\t\t\t\t<\/div>\n\t\t<\/div>\n\t\t\t\t<div class=\"elementor-column elementor-col-50 elementor-top-column elementor-element elementor-element-6fdf5dc2 exad-glass-effect-no exad-sticky-section-no\" data-id=\"6fdf5dc2\" data-element_type=\"column\">\n\t\t\t<div class=\"elementor-widget-wrap elementor-element-populated\">\n\t\t\t\t\t\t<div class=\"elementor-element elementor-element-22eec99 exad-sticky-section-no exad-glass-effect-no elementor-widget elementor-widget-spacer\" data-id=\"22eec99\" data-element_type=\"widget\" data-widget_type=\"spacer.default\">\n\t\t\t\t<div class=\"elementor-widget-container\">\n\t\t\t\t\t\t\t<div class=\"elementor-spacer\">\n\t\t\t<div class=\"elementor-spacer-inner\"><\/div>\n\t\t<\/div>\n\t\t\t\t\t\t<\/div>\n\t\t\t\t<\/div>\n\t\t\t\t<div class=\"elementor-element elementor-element-4e961e4c exad-sticky-section-no exad-glass-effect-no elementor-widget elementor-widget-heading\" data-id=\"4e961e4c\" data-element_type=\"widget\" data-widget_type=\"heading.default\">\n\t\t\t\t<div class=\"elementor-widget-container\">\n\t\t\t\t\t<h2 class=\"elementor-heading-title elementor-size-default\">Apropo<\/h2>\t\t\t\t<\/div>\n\t\t\t\t<\/div>\n\t\t\t\t<div class=\"elementor-element elementor-element-66d700aa exad-sticky-section-no exad-glass-effect-no elementor-widget elementor-widget-spacer\" data-id=\"66d700aa\" data-element_type=\"widget\" data-widget_type=\"spacer.default\">\n\t\t\t\t<div class=\"elementor-widget-container\">\n\t\t\t\t\t\t\t<div class=\"elementor-spacer\">\n\t\t\t<div class=\"elementor-spacer-inner\"><\/div>\n\t\t<\/div>\n\t\t\t\t\t\t<\/div>\n\t\t\t\t<\/div>\n\t\t\t\t<div class=\"elementor-element elementor-element-5301f012 exad-sticky-section-no exad-glass-effect-no elementor-widget elementor-widget-heading\" data-id=\"5301f012\" data-element_type=\"widget\" data-widget_type=\"heading.default\">\n\t\t\t\t<div class=\"elementor-widget-container\">\n\t\t\t\t\t<h2 class=\"elementor-heading-title elementor-size-default\">Institut Lope de Vega se yon referans an Ayiti gras a met\u00f2d aprantisaj li ya. 100% integrasyon lang espany\u00f2l la. Depi 1956 l ap f\u00f2me ak enstwi moun. Enspirasyon pou enstiti a se yon ekriven romansye ki te rele Felix Lope de Vega. Louis Lamothe fonde enstitisyon an e rive kreye yon met\u00f2d aprantisaj pou lang espany\u00f2l la ki f\u00e8 pr\u00e8v li a trav\u00e8 tout lane sa yo. \u00ab\u00a0Premye liv espany\u00f2l mwen an, rete yon referans an Ayiti pou tout milyon etidyan ki swiv kou nan Institut Lope de Vega a\u00a0\u00bb.<\/h2>\t\t\t\t<\/div>\n\t\t\t\t<\/div>\n\t\t\t\t\t<\/div>\n\t\t<\/div>\n\t\t\t\t\t<\/div>\n\t\t<\/section>\n\t\t\t\t<section class=\"elementor-section elementor-top-section elementor-element elementor-element-6c41e202 elementor-section-boxed elementor-section-height-default elementor-section-height-default exad-glass-effect-no exad-sticky-section-no\" data-id=\"6c41e202\" data-element_type=\"section\">\n\t\t\t\t\t\t<div class=\"elementor-container elementor-column-gap-default\">\n\t\t\t\t\t<div class=\"elementor-column elementor-col-100 elementor-top-column elementor-element elementor-element-3c8ec7a1 exad-glass-effect-no exad-sticky-section-no\" data-id=\"3c8ec7a1\" data-element_type=\"column\">\n\t\t\t<div class=\"elementor-widget-wrap elementor-element-populated\">\n\t\t\t\t\t\t<div class=\"elementor-element elementor-element-3bbfbab0 exad-sticky-section-no exad-glass-effect-no elementor-widget elementor-widget-spacer\" data-id=\"3bbfbab0\" data-element_type=\"widget\" data-widget_type=\"spacer.default\">\n\t\t\t\t<div class=\"elementor-widget-container\">\n\t\t\t\t\t\t\t<div class=\"elementor-spacer\">\n\t\t\t<div class=\"elementor-spacer-inner\"><\/div>\n\t\t<\/div>\n\t\t\t\t\t\t<\/div>\n\t\t\t\t<\/div>\n\t\t\t\t\t<\/div>\n\t\t<\/div>\n\t\t\t\t\t<\/div>\n\t\t<\/section>\n\t\t\t\t<section class=\"elementor-section elementor-top-section elementor-element elementor-element-31dd41db elementor-section-boxed elementor-section-height-default elementor-section-height-default exad-glass-effect-no exad-sticky-section-no\" data-id=\"31dd41db\" data-element_type=\"section\">\n\t\t\t\t\t\t<div class=\"elementor-container elementor-column-gap-default\">\n\t\t\t\t\t<div class=\"elementor-column elementor-col-100 elementor-top-column elementor-element elementor-element-67ebc79e exad-glass-effect-no exad-sticky-section-no\" data-id=\"67ebc79e\" data-element_type=\"column\">\n\t\t\t<div class=\"elementor-widget-wrap elementor-element-populated\">\n\t\t\t\t\t\t<div class=\"elementor-element elementor-element-86da43e exad-sticky-section-no exad-glass-effect-no elementor-widget elementor-widget-heading\" data-id=\"86da43e\" data-element_type=\"widget\" data-widget_type=\"heading.default\">\n\t\t\t\t<div class=\"elementor-widget-container\">\n\t\t\t\t\t<h2 class=\"elementor-heading-title elementor-size-default\">NAN NANNAN OP\u00d2TINITE YO<\/h2>\t\t\t\t<\/div>\n\t\t\t\t<\/div>\n\t\t\t\t\t<\/div>\n\t\t<\/div>\n\t\t\t\t\t<\/div>\n\t\t<\/section>\n\t\t\t\t<section class=\"elementor-section elementor-top-section elementor-element elementor-element-5fe9c34d elementor-section-boxed elementor-section-height-default elementor-section-height-default exad-glass-effect-no exad-sticky-section-no\" data-id=\"5fe9c34d\" data-element_type=\"section\">\n\t\t\t\t\t\t<div class=\"elementor-container elementor-column-gap-default\">\n\t\t\t\t\t<div class=\"elementor-column elementor-col-100 elementor-top-column elementor-element elementor-element-5b50bf66 exad-glass-effect-no exad-sticky-section-no\" data-id=\"5b50bf66\" data-element_type=\"column\">\n\t\t\t<div class=\"elementor-widget-wrap elementor-element-populated\">\n\t\t\t\t\t\t<div class=\"elementor-element elementor-element-9337fdf exad-sticky-section-no exad-glass-effect-no elementor-widget elementor-widget-spacer\" data-id=\"9337fdf\" data-element_type=\"widget\" data-widget_type=\"spacer.default\">\n\t\t\t\t<div class=\"elementor-widget-container\">\n\t\t\t\t\t\t\t<div class=\"elementor-spacer\">\n\t\t\t<div class=\"elementor-spacer-inner\"><\/div>\n\t\t<\/div>\n\t\t\t\t\t\t<\/div>\n\t\t\t\t<\/div>\n\t\t\t\t\t<\/div>\n\t\t<\/div>\n\t\t\t\t\t<\/div>\n\t\t<\/section>\n\t\t\t\t<section class=\"elementor-section elementor-top-section elementor-element elementor-element-2cf200b4 elementor-section-boxed elementor-section-height-default elementor-section-height-default exad-glass-effect-no exad-sticky-section-no\" data-id=\"2cf200b4\" data-element_type=\"section\">\n\t\t\t\t\t\t<div class=\"elementor-container elementor-column-gap-default\">\n\t\t\t\t\t<div class=\"elementor-column elementor-col-100 elementor-top-column elementor-element elementor-element-f48ad4 exad-glass-effect-no exad-sticky-section-no\" data-id=\"f48ad4\" data-element_type=\"column\">\n\t\t\t<div class=\"elementor-widget-wrap elementor-element-populated\">\n\t\t\t\t\t\t<div class=\"elementor-element elementor-element-2c5bf55d exad-sticky-section-no exad-glass-effect-no elementor-widget elementor-widget-heading\" data-id=\"2c5bf55d\" data-element_type=\"widget\" data-widget_type=\"heading.default\">\n\t\t\t\t<div class=\"elementor-widget-container\">\n\t\t\t\t\t<h2 class=\"elementor-heading-title elementor-size-default\">Nan optik pou mennen met\u00f2d sa a pi lwen e pou satisf\u00e8 bezwen tan mod\u00e8n \u00ab\u00a0nouvo-n\u00f2mal\u00a0\u00bb pou moun ka etidye, aprann a distans, enstiti a devlope e mete disponib yon platf\u00f2m an liy, tou f\u00e8t tou founi pou ofri tout moun ki vle aprann yon l\u00f2t lang, ki vle ogmante kapasite yo, ki vle bay t\u00e8t yo l\u00f2t opotinite, mwayen pou yo f\u00e8 sa.\n\nIn addition, to reinforce its innovative efforts, the institute will proudly make available soon a mobile application that, through artificial intelligence, will allow more than one to discover how the world is but a village with this tool to learn and practice another language. Learning Spanish, among other languages, through a practical and simplified method will allow Creole-speaking Haitians as well as any other person wishing to use the language of Cervantes on a daily basis, to express themselves, converse, translate, write in order to eventually obtain opportunities no matter where he or she lives.\n<\/h2>\t\t\t\t<\/div>\n\t\t\t\t<\/div>\n\t\t\t\t\t<\/div>\n\t\t<\/div>\n\t\t\t\t\t<\/div>\n\t\t<\/section>\n\t\t\t\t<section class=\"elementor-section elementor-top-section elementor-element elementor-element-84190e8 elementor-section-boxed elementor-section-height-default elementor-section-height-default exad-glass-effect-no exad-sticky-section-no\" data-id=\"84190e8\" data-element_type=\"section\">\n\t\t\t\t\t\t<div class=\"elementor-container elementor-column-gap-default\">\n\t\t\t\t\t<div class=\"elementor-column elementor-col-100 elementor-top-column elementor-element elementor-element-148e8568 exad-glass-effect-no exad-sticky-section-no\" data-id=\"148e8568\" data-element_type=\"column\">\n\t\t\t<div class=\"elementor-widget-wrap elementor-element-populated\">\n\t\t\t\t\t\t<div class=\"elementor-element elementor-element-72cf1586 exad-sticky-section-no exad-glass-effect-no elementor-widget elementor-widget-spacer\" data-id=\"72cf1586\" data-element_type=\"widget\" data-widget_type=\"spacer.default\">\n\t\t\t\t<div class=\"elementor-widget-container\">\n\t\t\t\t\t\t\t<div class=\"elementor-spacer\">\n\t\t\t<div class=\"elementor-spacer-inner\"><\/div>\n\t\t<\/div>\n\t\t\t\t\t\t<\/div>\n\t\t\t\t<\/div>\n\t\t\t\t\t<\/div>\n\t\t<\/div>\n\t\t\t\t\t<\/div>\n\t\t<\/section>\n\t\t\t\t<section class=\"elementor-section elementor-top-section elementor-element elementor-element-61ba6d73 elementor-section-boxed elementor-section-height-default elementor-section-height-default exad-glass-effect-no exad-sticky-section-no\" data-id=\"61ba6d73\" data-element_type=\"section\">\n\t\t\t\t\t\t<div class=\"elementor-container elementor-column-gap-default\">\n\t\t\t\t\t<div class=\"elementor-column elementor-col-100 elementor-top-column elementor-element elementor-element-6d2d7858 exad-glass-effect-no exad-sticky-section-no\" data-id=\"6d2d7858\" data-element_type=\"column\">\n\t\t\t<div class=\"elementor-widget-wrap elementor-element-populated\">\n\t\t\t\t\t\t<div class=\"elementor-element elementor-element-3ff1676f exad-sticky-section-no exad-glass-effect-no elementor-widget elementor-widget-image\" data-id=\"3ff1676f\" data-element_type=\"widget\" data-widget_type=\"image.default\">\n\t\t\t\t<div class=\"elementor-widget-container\">\n\t\t\t\t\t\t\t\t\t\t\t\t\t\t\t<img decoding=\"async\" width=\"800\" height=\"312\" src=\"https:\/\/institutlopedevega.com\/wp-content\/uploads\/2022\/09\/LDV_LOGO_APPROVED-VERSION-OFFICIELLE-1024x399.png\" class=\"attachment-large size-large wp-image-3351\" alt=\"\" srcset=\"https:\/\/institutlopedevega.com\/wp-content\/uploads\/2022\/09\/LDV_LOGO_APPROVED-VERSION-OFFICIELLE-1024x399.png 1024w, https:\/\/institutlopedevega.com\/wp-content\/uploads\/2022\/09\/LDV_LOGO_APPROVED-VERSION-OFFICIELLE-300x117.png 300w, https:\/\/institutlopedevega.com\/wp-content\/uploads\/2022\/09\/LDV_LOGO_APPROVED-VERSION-OFFICIELLE-600x234.png 600w, https:\/\/institutlopedevega.com\/wp-content\/uploads\/2022\/09\/LDV_LOGO_APPROVED-VERSION-OFFICIELLE-768x299.png 768w, https:\/\/institutlopedevega.com\/wp-content\/uploads\/2022\/09\/LDV_LOGO_APPROVED-VERSION-OFFICIELLE.png 1514w\" sizes=\"(max-width: 800px) 100vw, 800px\" \/>\t\t\t\t\t\t\t\t\t\t\t\t\t\t\t<\/div>\n\t\t\t\t<\/div>\n\t\t\t\t\t<\/div>\n\t\t<\/div>\n\t\t\t\t\t<\/div>\n\t\t<\/section>\n\t\t\t\t<section class=\"elementor-section elementor-top-section elementor-element elementor-element-770574a4 elementor-section-boxed elementor-section-height-default elementor-section-height-default exad-glass-effect-no exad-sticky-section-no\" data-id=\"770574a4\" data-element_type=\"section\">\n\t\t\t\t\t\t<div class=\"elementor-container elementor-column-gap-default\">\n\t\t\t\t\t<div class=\"elementor-column elementor-col-100 elementor-top-column elementor-element elementor-element-690e117a exad-glass-effect-no exad-sticky-section-no\" data-id=\"690e117a\" data-element_type=\"column\">\n\t\t\t<div class=\"elementor-widget-wrap elementor-element-populated\">\n\t\t\t\t\t\t<div class=\"elementor-element elementor-element-76960447 exad-sticky-section-no exad-glass-effect-no elementor-widget elementor-widget-spacer\" data-id=\"76960447\" data-element_type=\"widget\" data-widget_type=\"spacer.default\">\n\t\t\t\t<div class=\"elementor-widget-container\">\n\t\t\t\t\t\t\t<div class=\"elementor-spacer\">\n\t\t\t<div class=\"elementor-spacer-inner\"><\/div>\n\t\t<\/div>\n\t\t\t\t\t\t<\/div>\n\t\t\t\t<\/div>\n\t\t\t\t\t<\/div>\n\t\t<\/div>\n\t\t\t\t\t<\/div>\n\t\t<\/section>\n\t\t\t\t<\/div>","protected":false},"excerpt":{"rendered":"<p>Apropo Institut Lope de Vega se yon referans an Ayiti gras a met\u00f2d aprantisaj li ya. 100% integrasyon lang espany\u00f2l la. Depi 1956 l ap f\u00f2me ak enstwi moun. Enspirasyon pou enstiti a se yon ekriven romansye ki te rele Felix Lope de Vega. Louis Lamothe fonde enstitisyon an e rive kreye yon met\u00f2d aprantisaj [&hellip;]<\/p>","protected":false},"author":1,"featured_media":0,"parent":0,"menu_order":0,"comment_status":"closed","ping_status":"closed","template":"elementor_header_footer","meta":{"productId":0,"courseId":0,"footnotes":""},"class_list":["post-4038","page","type-page","status-publish","hentry"],"yoast_head":"<!-- This site is optimized with the Yoast SEO plugin v26.7 - https:\/\/yoast.com\/wordpress\/plugins\/seo\/ -->\n<title>Apropo - Institut Lope de Vega : Cours de langue espagnole en ligne<\/title>\n<meta name=\"robots\" content=\"index, follow, max-snippet:-1, max-image-preview:large, max-video-preview:-1\" \/>\n<link rel=\"canonical\" href=\"https:\/\/institutlopedevega.com\/cr\/apropo\/\" \/>\n<meta property=\"og:locale\" content=\"en_US\" \/>\n<meta property=\"og:type\" content=\"article\" \/>\n<meta property=\"og:title\" content=\"Apropo - Institut Lope de Vega : Cours de langue espagnole en ligne\" \/>\n<meta property=\"og:description\" content=\"Apropo Institut Lope de Vega se yon referans an Ayiti gras a met\u00f2d aprantisaj li ya. 100% integrasyon lang espany\u00f2l la. Depi 1956 l ap f\u00f2me ak enstwi moun. Enspirasyon pou enstiti a se yon ekriven romansye ki te rele Felix Lope de Vega. Louis Lamothe fonde enstitisyon an e rive kreye yon met\u00f2d aprantisaj [&hellip;]\" \/>\n<meta property=\"og:url\" content=\"https:\/\/institutlopedevega.com\/cr\/apropo\/\" \/>\n<meta property=\"og:site_name\" content=\"Institut Lope de Vega : Cours de langue espagnole en ligne\" \/>\n<meta property=\"article:modified_time\" content=\"2022-10-28T12:40:10+00:00\" \/>\n<meta property=\"og:image\" content=\"https:\/\/institutlopedevega.com\/wp-content\/uploads\/2022\/08\/lamothe-755x1024.png\" \/>\n<meta name=\"twitter:card\" content=\"summary_large_image\" \/>\n<meta name=\"twitter:label1\" content=\"Est. reading time\" \/>\n\t<meta name=\"twitter:data1\" content=\"1 minute\" \/>\n<script type=\"application\/ld+json\" class=\"yoast-schema-graph\">{\"@context\":\"https:\/\/schema.org\",\"@graph\":[{\"@type\":\"WebPage\",\"@id\":\"https:\/\/institutlopedevega.com\/fr\/apropo\/\",\"url\":\"https:\/\/institutlopedevega.com\/fr\/apropo\/\",\"name\":\"Apropo - Institut Lope de Vega : Cours de langue espagnole en ligne\",\"isPartOf\":{\"@id\":\"https:\/\/institutlopedevega.com\/#website\"},\"primaryImageOfPage\":{\"@id\":\"https:\/\/institutlopedevega.com\/fr\/apropo\/#primaryimage\"},\"image\":{\"@id\":\"https:\/\/institutlopedevega.com\/fr\/apropo\/#primaryimage\"},\"thumbnailUrl\":\"https:\/\/institutlopedevega.com\/wp-content\/uploads\/2022\/08\/lamothe-755x1024.png\",\"datePublished\":\"2022-10-05T20:50:13+00:00\",\"dateModified\":\"2022-10-28T12:40:10+00:00\",\"breadcrumb\":{\"@id\":\"https:\/\/institutlopedevega.com\/fr\/apropo\/#breadcrumb\"},\"inLanguage\":\"CR\",\"potentialAction\":[{\"@type\":\"ReadAction\",\"target\":[\"https:\/\/institutlopedevega.com\/fr\/apropo\/\"]}]},{\"@type\":\"ImageObject\",\"inLanguage\":\"CR\",\"@id\":\"https:\/\/institutlopedevega.com\/fr\/apropo\/#primaryimage\",\"url\":\"https:\/\/institutlopedevega.com\/wp-content\/uploads\/2022\/08\/lamothe-755x1024.png\",\"contentUrl\":\"https:\/\/institutlopedevega.com\/wp-content\/uploads\/2022\/08\/lamothe-755x1024.png\"},{\"@type\":\"BreadcrumbList\",\"@id\":\"https:\/\/institutlopedevega.com\/fr\/apropo\/#breadcrumb\",\"itemListElement\":[{\"@type\":\"ListItem\",\"position\":1,\"name\":\"Home\",\"item\":\"https:\/\/institutlopedevega.com\/\"},{\"@type\":\"ListItem\",\"position\":2,\"name\":\"Apropo\"}]},{\"@type\":\"WebSite\",\"@id\":\"https:\/\/institutlopedevega.com\/#website\",\"url\":\"https:\/\/institutlopedevega.com\/\",\"name\":\"Institut Lope de Vega : Cours de langue espagnole en ligne\",\"description\":\"Plus de 60 ans d&#039;excellence dans l&#039;enseignement de l&#039;espagnol \u2013 Cours en direct, formations \u00e0 la demande et certifications\",\"publisher\":{\"@id\":\"https:\/\/institutlopedevega.com\/#organization\"},\"potentialAction\":[{\"@type\":\"SearchAction\",\"target\":{\"@type\":\"EntryPoint\",\"urlTemplate\":\"https:\/\/institutlopedevega.com\/?s={search_term_string}\"},\"query-input\":{\"@type\":\"PropertyValueSpecification\",\"valueRequired\":true,\"valueName\":\"search_term_string\"}}],\"inLanguage\":\"CR\"},{\"@type\":\"Organization\",\"@id\":\"https:\/\/institutlopedevega.com\/#organization\",\"name\":\"Institut Lope de Vega\",\"url\":\"https:\/\/institutlopedevega.com\/\",\"logo\":{\"@type\":\"ImageObject\",\"inLanguage\":\"CR\",\"@id\":\"https:\/\/institutlopedevega.com\/#\/schema\/logo\/image\/\",\"url\":\"https:\/\/institutlopedevega.com\/wp-content\/uploads\/2022\/08\/TOP-HEADER-WITH-LOGO.png\",\"contentUrl\":\"https:\/\/institutlopedevega.com\/wp-content\/uploads\/2022\/08\/TOP-HEADER-WITH-LOGO.png\",\"width\":1423,\"height\":429,\"caption\":\"Institut Lope de Vega\"},\"image\":{\"@id\":\"https:\/\/institutlopedevega.com\/#\/schema\/logo\/image\/\"}}]}<\/script>\n<!-- \/ Yoast SEO plugin. -->","yoast_head_json":{"title":"Apropo - Institut Lope de Vega : Cours de langue espagnole en ligne","robots":{"index":"index","follow":"follow","max-snippet":"max-snippet:-1","max-image-preview":"max-image-preview:large","max-video-preview":"max-video-preview:-1"},"canonical":"https:\/\/institutlopedevega.com\/cr\/apropo\/","og_locale":"en_US","og_type":"article","og_title":"Apropo - Institut Lope de Vega : Cours de langue espagnole en ligne","og_description":"Apropo Institut Lope de Vega se yon referans an Ayiti gras a met\u00f2d aprantisaj li ya. 100% integrasyon lang espany\u00f2l la. Depi 1956 l ap f\u00f2me ak enstwi moun. Enspirasyon pou enstiti a se yon ekriven romansye ki te rele Felix Lope de Vega. Louis Lamothe fonde enstitisyon an e rive kreye yon met\u00f2d aprantisaj [&hellip;]","og_url":"https:\/\/institutlopedevega.com\/cr\/apropo\/","og_site_name":"Institut Lope de Vega : Cours de langue espagnole en ligne","article_modified_time":"2022-10-28T12:40:10+00:00","og_image":[{"url":"https:\/\/institutlopedevega.com\/wp-content\/uploads\/2022\/08\/lamothe-755x1024.png","type":"","width":"","height":""}],"twitter_card":"summary_large_image","twitter_misc":{"Est. reading time":"1 minute"},"schema":{"@context":"https:\/\/schema.org","@graph":[{"@type":"WebPage","@id":"https:\/\/institutlopedevega.com\/fr\/apropo\/","url":"https:\/\/institutlopedevega.com\/fr\/apropo\/","name":"Apropo - Institut Lope de Vega : Cours de langue espagnole en ligne","isPartOf":{"@id":"https:\/\/institutlopedevega.com\/#website"},"primaryImageOfPage":{"@id":"https:\/\/institutlopedevega.com\/fr\/apropo\/#primaryimage"},"image":{"@id":"https:\/\/institutlopedevega.com\/fr\/apropo\/#primaryimage"},"thumbnailUrl":"https:\/\/institutlopedevega.com\/wp-content\/uploads\/2022\/08\/lamothe-755x1024.png","datePublished":"2022-10-05T20:50:13+00:00","dateModified":"2022-10-28T12:40:10+00:00","breadcrumb":{"@id":"https:\/\/institutlopedevega.com\/fr\/apropo\/#breadcrumb"},"inLanguage":"CR","potentialAction":[{"@type":"ReadAction","target":["https:\/\/institutlopedevega.com\/fr\/apropo\/"]}]},{"@type":"ImageObject","inLanguage":"CR","@id":"https:\/\/institutlopedevega.com\/fr\/apropo\/#primaryimage","url":"https:\/\/institutlopedevega.com\/wp-content\/uploads\/2022\/08\/lamothe-755x1024.png","contentUrl":"https:\/\/institutlopedevega.com\/wp-content\/uploads\/2022\/08\/lamothe-755x1024.png"},{"@type":"BreadcrumbList","@id":"https:\/\/institutlopedevega.com\/fr\/apropo\/#breadcrumb","itemListElement":[{"@type":"ListItem","position":1,"name":"Home","item":"https:\/\/institutlopedevega.com\/"},{"@type":"ListItem","position":2,"name":"Apropo"}]},{"@type":"WebSite","@id":"https:\/\/institutlopedevega.com\/#website","url":"https:\/\/institutlopedevega.com\/","name":"Institut Lope de Vega : Cours de langue espagnole en ligne","description":"Plus de 60 ans d&#039;excellence dans l&#039;enseignement de l&#039;espagnol \u2013 Cours en direct, formations \u00e0 la demande et certifications","publisher":{"@id":"https:\/\/institutlopedevega.com\/#organization"},"potentialAction":[{"@type":"SearchAction","target":{"@type":"EntryPoint","urlTemplate":"https:\/\/institutlopedevega.com\/?s={search_term_string}"},"query-input":{"@type":"PropertyValueSpecification","valueRequired":true,"valueName":"search_term_string"}}],"inLanguage":"CR"},{"@type":"Organization","@id":"https:\/\/institutlopedevega.com\/#organization","name":"Institut Lope de Vega","url":"https:\/\/institutlopedevega.com\/","logo":{"@type":"ImageObject","inLanguage":"CR","@id":"https:\/\/institutlopedevega.com\/#\/schema\/logo\/image\/","url":"https:\/\/institutlopedevega.com\/wp-content\/uploads\/2022\/08\/TOP-HEADER-WITH-LOGO.png","contentUrl":"https:\/\/institutlopedevega.com\/wp-content\/uploads\/2022\/08\/TOP-HEADER-WITH-LOGO.png","width":1423,"height":429,"caption":"Institut Lope de Vega"},"image":{"@id":"https:\/\/institutlopedevega.com\/#\/schema\/logo\/image\/"}}]}},"_links":{"self":[{"href":"https:\/\/institutlopedevega.com\/cr\/wp-json\/wp\/v2\/pages\/4038","targetHints":{"allow":["GET"]}}],"collection":[{"href":"https:\/\/institutlopedevega.com\/cr\/wp-json\/wp\/v2\/pages"}],"about":[{"href":"https:\/\/institutlopedevega.com\/cr\/wp-json\/wp\/v2\/types\/page"}],"author":[{"embeddable":true,"href":"https:\/\/institutlopedevega.com\/cr\/wp-json\/wp\/v2\/users\/1"}],"replies":[{"embeddable":true,"href":"https:\/\/institutlopedevega.com\/cr\/wp-json\/wp\/v2\/comments?post=4038"}],"version-history":[{"count":0,"href":"https:\/\/institutlopedevega.com\/cr\/wp-json\/wp\/v2\/pages\/4038\/revisions"}],"wp:attachment":[{"href":"https:\/\/institutlopedevega.com\/cr\/wp-json\/wp\/v2\/media?parent=4038"}],"curies":[{"name":"wp","href":"https:\/\/api.w.org\/{rel}","templated":true}]}}