{"id":3795,"date":"2022-09-28T20:16:58","date_gmt":"2022-09-28T20:16:58","guid":{"rendered":"https:\/\/institutlopedevega.com\/?page_id=3795"},"modified":"2023-09-05T20:32:57","modified_gmt":"2023-09-05T20:32:57","slug":"apropos","status":"publish","type":"page","link":"https:\/\/institutlopedevega.com\/cr\/apropos\/","title":{"rendered":"About us FR"},"content":{"rendered":"<div data-elementor-type=\"wp-page\" data-elementor-id=\"3795\" class=\"elementor elementor-3795\" data-elementor-post-type=\"page\">\n\t\t\t\t\t\t<section class=\"elementor-section elementor-top-section elementor-element elementor-element-3991b684 elementor-hidden-mobile elementor-section-boxed elementor-section-height-default elementor-section-height-default exad-glass-effect-no exad-sticky-section-no\" data-id=\"3991b684\" data-element_type=\"section\" data-settings=\"{&quot;background_background&quot;:&quot;classic&quot;}\">\n\t\t\t\t\t\t<div class=\"elementor-container elementor-column-gap-default\">\n\t\t\t\t\t<div class=\"elementor-column elementor-col-100 elementor-top-column elementor-element elementor-element-731bb524 exad-glass-effect-no exad-sticky-section-no\" data-id=\"731bb524\" data-element_type=\"column\">\n\t\t\t<div class=\"elementor-widget-wrap elementor-element-populated\">\n\t\t\t\t\t\t<div class=\"elementor-element elementor-element-45c3430e exad-sticky-section-no exad-glass-effect-no elementor-widget elementor-widget-spacer\" data-id=\"45c3430e\" data-element_type=\"widget\" data-widget_type=\"spacer.default\">\n\t\t\t\t<div class=\"elementor-widget-container\">\n\t\t\t\t\t\t\t<div class=\"elementor-spacer\">\n\t\t\t<div class=\"elementor-spacer-inner\"><\/div>\n\t\t<\/div>\n\t\t\t\t\t\t<\/div>\n\t\t\t\t<\/div>\n\t\t\t\t\t<\/div>\n\t\t<\/div>\n\t\t\t\t\t<\/div>\n\t\t<\/section>\n\t\t\t\t<section class=\"elementor-section elementor-top-section elementor-element elementor-element-78ad5d57 elementor-section-boxed elementor-section-height-default elementor-section-height-default exad-glass-effect-no exad-sticky-section-no\" data-id=\"78ad5d57\" data-element_type=\"section\" data-settings=\"{&quot;background_background&quot;:&quot;classic&quot;}\">\n\t\t\t\t\t\t<div class=\"elementor-container elementor-column-gap-default\">\n\t\t\t\t\t<div class=\"elementor-column elementor-col-50 elementor-top-column elementor-element elementor-element-30db0c1 exad-glass-effect-no exad-sticky-section-no\" data-id=\"30db0c1\" data-element_type=\"column\">\n\t\t\t<div class=\"elementor-widget-wrap elementor-element-populated\">\n\t\t\t\t\t\t<div class=\"elementor-element elementor-element-569c7302 exad-sticky-section-no exad-glass-effect-no elementor-widget elementor-widget-image\" data-id=\"569c7302\" data-element_type=\"widget\" data-widget_type=\"image.default\">\n\t\t\t\t<div class=\"elementor-widget-container\">\n\t\t\t\t\t\t\t\t\t\t\t\t\t\t\t<img fetchpriority=\"high\" decoding=\"async\" width=\"767\" height=\"1024\" src=\"https:\/\/institutlopedevega.com\/wp-content\/uploads\/2023\/08\/Lamothe2-2-767x1024.png\" class=\"attachment-large size-large wp-image-5780\" alt=\"\" srcset=\"https:\/\/institutlopedevega.com\/wp-content\/uploads\/2023\/08\/Lamothe2-2-767x1024.png 767w, https:\/\/institutlopedevega.com\/wp-content\/uploads\/2023\/08\/Lamothe2-2-300x400.png 300w, https:\/\/institutlopedevega.com\/wp-content\/uploads\/2023\/08\/Lamothe2-2-600x801.png 600w, https:\/\/institutlopedevega.com\/wp-content\/uploads\/2023\/08\/Lamothe2-2-225x300.png 225w, https:\/\/institutlopedevega.com\/wp-content\/uploads\/2023\/08\/Lamothe2-2-768x1025.png 768w, https:\/\/institutlopedevega.com\/wp-content\/uploads\/2023\/08\/Lamothe2-2-1151x1536.png 1151w, https:\/\/institutlopedevega.com\/wp-content\/uploads\/2023\/08\/Lamothe2-2-1535x2048.png 1535w, https:\/\/institutlopedevega.com\/wp-content\/uploads\/2023\/08\/Lamothe2-2-9x12.png 9w, https:\/\/institutlopedevega.com\/wp-content\/uploads\/2023\/08\/Lamothe2-2.png 1952w\" sizes=\"(max-width: 767px) 100vw, 767px\" \/>\t\t\t\t\t\t\t\t\t\t\t\t\t\t\t<\/div>\n\t\t\t\t<\/div>\n\t\t\t\t<div class=\"elementor-element elementor-element-df8aa40 exad-sticky-section-no exad-glass-effect-no elementor-widget elementor-widget-heading\" data-id=\"df8aa40\" data-element_type=\"widget\" data-widget_type=\"heading.default\">\n\t\t\t\t<div class=\"elementor-widget-container\">\n\t\t\t\t\t<h2 class=\"elementor-heading-title elementor-size-default\">FONDAT\u00c8 NOU<\/h2>\t\t\t\t<\/div>\n\t\t\t\t<\/div>\n\t\t\t\t\t<\/div>\n\t\t<\/div>\n\t\t\t\t<div class=\"elementor-column elementor-col-50 elementor-top-column elementor-element elementor-element-54fc5622 exad-glass-effect-no exad-sticky-section-no\" data-id=\"54fc5622\" data-element_type=\"column\">\n\t\t\t<div class=\"elementor-widget-wrap elementor-element-populated\">\n\t\t\t\t\t\t<div class=\"elementor-element elementor-element-269359f exad-sticky-section-no exad-glass-effect-no elementor-widget elementor-widget-spacer\" data-id=\"269359f\" data-element_type=\"widget\" data-widget_type=\"spacer.default\">\n\t\t\t\t<div class=\"elementor-widget-container\">\n\t\t\t\t\t\t\t<div class=\"elementor-spacer\">\n\t\t\t<div class=\"elementor-spacer-inner\"><\/div>\n\t\t<\/div>\n\t\t\t\t\t\t<\/div>\n\t\t\t\t<\/div>\n\t\t\t\t<div class=\"elementor-element elementor-element-4a7d7c2d exad-sticky-section-no exad-glass-effect-no elementor-widget elementor-widget-heading\" data-id=\"4a7d7c2d\" data-element_type=\"widget\" data-widget_type=\"heading.default\">\n\t\t\t\t<div class=\"elementor-widget-container\">\n\t\t\t\t\t<h2 class=\"elementor-heading-title elementor-size-default\">Apropo<\/h2>\t\t\t\t<\/div>\n\t\t\t\t<\/div>\n\t\t\t\t<div class=\"elementor-element elementor-element-305c3ea elementor-widget-divider--view-line exad-sticky-section-no exad-glass-effect-no elementor-widget elementor-widget-divider\" data-id=\"305c3ea\" data-element_type=\"widget\" data-widget_type=\"divider.default\">\n\t\t\t\t<div class=\"elementor-widget-container\">\n\t\t\t\t\t\t\t<div class=\"elementor-divider\">\n\t\t\t<span class=\"elementor-divider-separator\">\n\t\t\t\t\t\t<\/span>\n\t\t<\/div>\n\t\t\t\t\t\t<\/div>\n\t\t\t\t<\/div>\n\t\t\t\t<div class=\"elementor-element elementor-element-1b11ee0f exad-sticky-section-no exad-glass-effect-no elementor-widget elementor-widget-heading\" data-id=\"1b11ee0f\" data-element_type=\"widget\" data-widget_type=\"heading.default\">\n\t\t\t\t<div class=\"elementor-widget-container\">\n\t\t\t\t\t<h2 class=\"elementor-heading-title elementor-size-default\">Institut Lope De Vega se yon referans enkontounab nan peyi Dayiti pou aprann pany\u00f2l. Dr. Louis G. Lamothe ki te enspire pa ekriven pany\u00f2l la M. F\u00e9lix Lope de Vega, te fonde enstiti a nan lane 1957. Sa f\u00e8 plis pase 60 lane depi etidyan pran f\u00f2masyon nan Institut Lope de Vega. Met\u00f2d aprantisaj Institut a, baze sou sist\u00e8m yo rele im\u00e8syon total, ki rekon\u00e8t mondyalman pou efiksite li. Diplis Institut Lope de Vega se yon nan 2 grenn institisyon an ayiti ki bay s\u00e8tifika ak akreditasyon ki rekon\u00e8t ditilite piblik.<\/h2>\t\t\t\t<\/div>\n\t\t\t\t<\/div>\n\t\t\t\t\t<\/div>\n\t\t<\/div>\n\t\t\t\t\t<\/div>\n\t\t<\/section>\n\t\t\t\t<section class=\"elementor-section elementor-top-section elementor-element elementor-element-9c432b8 elementor-section-boxed elementor-section-height-default elementor-section-height-default exad-glass-effect-no exad-sticky-section-no\" data-id=\"9c432b8\" data-element_type=\"section\" data-settings=\"{&quot;background_background&quot;:&quot;classic&quot;}\">\n\t\t\t\t\t\t<div class=\"elementor-container elementor-column-gap-default\">\n\t\t\t\t\t<div class=\"elementor-column elementor-col-50 elementor-top-column elementor-element elementor-element-67c3122 exad-glass-effect-no exad-sticky-section-no\" data-id=\"67c3122\" data-element_type=\"column\">\n\t\t\t<div class=\"elementor-widget-wrap elementor-element-populated\">\n\t\t\t\t\t\t<div class=\"elementor-element elementor-element-6ebdeec exad-sticky-section-no exad-glass-effect-no elementor-widget elementor-widget-spacer\" data-id=\"6ebdeec\" data-element_type=\"widget\" data-widget_type=\"spacer.default\">\n\t\t\t\t<div class=\"elementor-widget-container\">\n\t\t\t\t\t\t\t<div class=\"elementor-spacer\">\n\t\t\t<div class=\"elementor-spacer-inner\"><\/div>\n\t\t<\/div>\n\t\t\t\t\t\t<\/div>\n\t\t\t\t<\/div>\n\t\t\t\t<div class=\"elementor-element elementor-element-e70201d exad-sticky-section-no exad-glass-effect-no elementor-widget elementor-widget-heading\" data-id=\"e70201d\" data-element_type=\"widget\" data-widget_type=\"heading.default\">\n\t\t\t\t<div class=\"elementor-widget-container\">\n\t\t\t\t\t<h2 class=\"elementor-heading-title elementor-size-default\">Op\u00f2tinite<\/h2>\t\t\t\t<\/div>\n\t\t\t\t<\/div>\n\t\t\t\t<div class=\"elementor-element elementor-element-c29ff89 elementor-widget-divider--view-line exad-sticky-section-no exad-glass-effect-no elementor-widget elementor-widget-divider\" data-id=\"c29ff89\" data-element_type=\"widget\" data-widget_type=\"divider.default\">\n\t\t\t\t<div class=\"elementor-widget-container\">\n\t\t\t\t\t\t\t<div class=\"elementor-divider\">\n\t\t\t<span class=\"elementor-divider-separator\">\n\t\t\t\t\t\t<\/span>\n\t\t<\/div>\n\t\t\t\t\t\t<\/div>\n\t\t\t\t<\/div>\n\t\t\t\t<div class=\"elementor-element elementor-element-9377536 exad-sticky-section-no exad-glass-effect-no elementor-widget elementor-widget-heading\" data-id=\"9377536\" data-element_type=\"widget\" data-widget_type=\"heading.default\">\n\t\t\t\t<div class=\"elementor-widget-container\">\n\t\t\t\t\t<h2 class=\"elementor-heading-title elementor-size-default\">Jodi a, Institut Lope de Vega rive pi iwen toujou, li devlope yon platf\u00f2m efikas pou f\u00e8 kou an liy, li rantre nan kad Nouvo N\u00f2mal la nan apratisaj a distans. Platf\u00f2m la disponib pou tout moun, li ofri op\u00f2tinite pou nenp\u00f2t kil\u00e8s aprann yon nouvo lang, devlope konesans li epi rive nan yon l\u00f2t nivo.<br><br>\n\nSan konte pou ranf\u00f2se inovasyon sa a, Institut an ap devlope yon aplikasyon ki pral p\u00e8m\u00e8t plis moun dekouvri ak pratike b\u00e8l lang l\u00f2t peyi. Aplikasyon sa a, ap soti byento. Pami lang l ap ofri yo, n ap jwenn lang Cervantes la, toujou ak menm met\u00f2d senp la ki ap p\u00e8m\u00e8t nou f\u00e8 pratik lang la etan nou ap f\u00e8 konv\u00e8sasyon, tradwi, ekri, pran nivo chak jou. konsa nou tou ap louvri p\u00f2t bay op\u00f2tinite.<\/h2>\t\t\t\t<\/div>\n\t\t\t\t<\/div>\n\t\t\t\t\t<\/div>\n\t\t<\/div>\n\t\t\t\t<div class=\"elementor-column elementor-col-50 elementor-top-column elementor-element elementor-element-1ca3470 exad-glass-effect-no exad-sticky-section-no\" data-id=\"1ca3470\" data-element_type=\"column\">\n\t\t\t<div class=\"elementor-widget-wrap elementor-element-populated\">\n\t\t\t\t\t\t<div class=\"elementor-element elementor-element-dd8aec0 exad-sticky-section-no exad-glass-effect-no elementor-widget elementor-widget-spacer\" data-id=\"dd8aec0\" data-element_type=\"widget\" data-widget_type=\"spacer.default\">\n\t\t\t\t<div class=\"elementor-widget-container\">\n\t\t\t\t\t\t\t<div class=\"elementor-spacer\">\n\t\t\t<div class=\"elementor-spacer-inner\"><\/div>\n\t\t<\/div>\n\t\t\t\t\t\t<\/div>\n\t\t\t\t<\/div>\n\t\t\t\t<div class=\"elementor-element elementor-element-69b62fd exad-sticky-section-no exad-glass-effect-no elementor-widget elementor-widget-image\" data-id=\"69b62fd\" data-element_type=\"widget\" data-widget_type=\"image.default\">\n\t\t\t\t<div class=\"elementor-widget-container\">\n\t\t\t\t\t\t\t\t\t\t\t\t\t\t\t<img decoding=\"async\" width=\"800\" height=\"800\" src=\"https:\/\/institutlopedevega.com\/wp-content\/uploads\/2023\/09\/Opportunity-ILV-1024x1024.jpeg\" class=\"attachment-large size-large wp-image-5910\" alt=\"\" srcset=\"https:\/\/institutlopedevega.com\/wp-content\/uploads\/2023\/09\/Opportunity-ILV-1024x1024.jpeg 1024w, https:\/\/institutlopedevega.com\/wp-content\/uploads\/2023\/09\/Opportunity-ILV-300x300.jpeg 300w, https:\/\/institutlopedevega.com\/wp-content\/uploads\/2023\/09\/Opportunity-ILV-100x100.jpeg 100w, https:\/\/institutlopedevega.com\/wp-content\/uploads\/2023\/09\/Opportunity-ILV-600x600.jpeg 600w, https:\/\/institutlopedevega.com\/wp-content\/uploads\/2023\/09\/Opportunity-ILV-150x150.jpeg 150w, https:\/\/institutlopedevega.com\/wp-content\/uploads\/2023\/09\/Opportunity-ILV-768x768.jpeg 768w, https:\/\/institutlopedevega.com\/wp-content\/uploads\/2023\/09\/Opportunity-ILV-12x12.jpeg 12w, https:\/\/institutlopedevega.com\/wp-content\/uploads\/2023\/09\/Opportunity-ILV.jpeg 1080w\" sizes=\"(max-width: 800px) 100vw, 800px\" \/>\t\t\t\t\t\t\t\t\t\t\t\t\t\t\t<\/div>\n\t\t\t\t<\/div>\n\t\t\t\t\t<\/div>\n\t\t<\/div>\n\t\t\t\t\t<\/div>\n\t\t<\/section>\n\t\t\t\t<section class=\"elementor-section elementor-top-section elementor-element elementor-element-196b44d5 elementor-section-boxed elementor-section-height-default elementor-section-height-default exad-glass-effect-no exad-sticky-section-no\" data-id=\"196b44d5\" data-element_type=\"section\" data-settings=\"{&quot;background_background&quot;:&quot;classic&quot;}\">\n\t\t\t\t\t\t<div class=\"elementor-container elementor-column-gap-default\">\n\t\t\t\t\t<div class=\"elementor-column elementor-col-100 elementor-top-column elementor-element elementor-element-4d528533 exad-glass-effect-no exad-sticky-section-no\" data-id=\"4d528533\" data-element_type=\"column\">\n\t\t\t<div class=\"elementor-widget-wrap elementor-element-populated\">\n\t\t\t\t\t\t<div class=\"elementor-element elementor-element-71e9c914 exad-sticky-section-no exad-glass-effect-no elementor-widget elementor-widget-spacer\" data-id=\"71e9c914\" data-element_type=\"widget\" data-widget_type=\"spacer.default\">\n\t\t\t\t<div class=\"elementor-widget-container\">\n\t\t\t\t\t\t\t<div class=\"elementor-spacer\">\n\t\t\t<div class=\"elementor-spacer-inner\"><\/div>\n\t\t<\/div>\n\t\t\t\t\t\t<\/div>\n\t\t\t\t<\/div>\n\t\t\t\t\t<\/div>\n\t\t<\/div>\n\t\t\t\t\t<\/div>\n\t\t<\/section>\n\t\t\t\t<\/div>","protected":false},"excerpt":{"rendered":"<p>OUR FOUNDER ABOUT The Lope de Vega Institute in Haiti is the ultimate reference for learning Spanish. Founded in 1957 by Dr. Louis G. Lamothe who was inspired by the Spanish writer F\u00e9lix Lope de Vega, this institute has trained thousands of students over 60 years. Its methodology is based on total immersion, a technique [&hellip;]<\/p>","protected":false},"author":1,"featured_media":0,"parent":0,"menu_order":0,"comment_status":"closed","ping_status":"closed","template":"elementor_header_footer","meta":{"productId":0,"courseId":0,"footnotes":""},"class_list":["post-3795","page","type-page","status-publish","hentry"],"yoast_head":"<!-- This site is optimized with the Yoast SEO plugin v26.7 - https:\/\/yoast.com\/wordpress\/plugins\/seo\/ -->\n<title>About us FR - Institut Lope de Vega : Cours de langue espagnole en ligne<\/title>\n<meta name=\"robots\" content=\"index, follow, max-snippet:-1, max-image-preview:large, max-video-preview:-1\" \/>\n<link rel=\"canonical\" href=\"https:\/\/institutlopedevega.com\/cr\/apropos\/\" \/>\n<meta property=\"og:locale\" content=\"en_US\" \/>\n<meta property=\"og:type\" content=\"article\" \/>\n<meta property=\"og:title\" content=\"About us FR - Institut Lope de Vega : Cours de langue espagnole en ligne\" \/>\n<meta property=\"og:description\" content=\"OUR FOUNDER ABOUT The Lope de Vega Institute in Haiti is the ultimate reference for learning Spanish. Founded in 1957 by Dr. Louis G. Lamothe who was inspired by the Spanish writer F\u00e9lix Lope de Vega, this institute has trained thousands of students over 60 years. Its methodology is based on total immersion, a technique [&hellip;]\" \/>\n<meta property=\"og:url\" content=\"https:\/\/institutlopedevega.com\/cr\/apropos\/\" \/>\n<meta property=\"og:site_name\" content=\"Institut Lope de Vega : Cours de langue espagnole en ligne\" \/>\n<meta property=\"article:modified_time\" content=\"2023-09-05T20:32:57+00:00\" \/>\n<meta property=\"og:image\" content=\"https:\/\/institutlopedevega.com\/wp-content\/uploads\/2023\/08\/Lamothe2-2-767x1024.png\" \/>\n<meta name=\"twitter:card\" content=\"summary_large_image\" \/>\n<meta name=\"twitter:label1\" content=\"Est. reading time\" \/>\n\t<meta name=\"twitter:data1\" content=\"2 minutes\" \/>\n<script type=\"application\/ld+json\" class=\"yoast-schema-graph\">{\"@context\":\"https:\/\/schema.org\",\"@graph\":[{\"@type\":\"WebPage\",\"@id\":\"https:\/\/institutlopedevega.com\/apropos\/\",\"url\":\"https:\/\/institutlopedevega.com\/apropos\/\",\"name\":\"About us FR - Institut Lope de Vega : Cours de langue espagnole en ligne\",\"isPartOf\":{\"@id\":\"https:\/\/institutlopedevega.com\/#website\"},\"primaryImageOfPage\":{\"@id\":\"https:\/\/institutlopedevega.com\/apropos\/#primaryimage\"},\"image\":{\"@id\":\"https:\/\/institutlopedevega.com\/apropos\/#primaryimage\"},\"thumbnailUrl\":\"https:\/\/institutlopedevega.com\/wp-content\/uploads\/2023\/08\/Lamothe2-2-767x1024.png\",\"datePublished\":\"2022-09-28T20:16:58+00:00\",\"dateModified\":\"2023-09-05T20:32:57+00:00\",\"breadcrumb\":{\"@id\":\"https:\/\/institutlopedevega.com\/apropos\/#breadcrumb\"},\"inLanguage\":\"CR\",\"potentialAction\":[{\"@type\":\"ReadAction\",\"target\":[\"https:\/\/institutlopedevega.com\/apropos\/\"]}]},{\"@type\":\"ImageObject\",\"inLanguage\":\"CR\",\"@id\":\"https:\/\/institutlopedevega.com\/apropos\/#primaryimage\",\"url\":\"https:\/\/institutlopedevega.com\/wp-content\/uploads\/2023\/08\/Lamothe2-2-767x1024.png\",\"contentUrl\":\"https:\/\/institutlopedevega.com\/wp-content\/uploads\/2023\/08\/Lamothe2-2-767x1024.png\"},{\"@type\":\"BreadcrumbList\",\"@id\":\"https:\/\/institutlopedevega.com\/apropos\/#breadcrumb\",\"itemListElement\":[{\"@type\":\"ListItem\",\"position\":1,\"name\":\"Home\",\"item\":\"https:\/\/institutlopedevega.com\/\"},{\"@type\":\"ListItem\",\"position\":2,\"name\":\"About us FR\"}]},{\"@type\":\"WebSite\",\"@id\":\"https:\/\/institutlopedevega.com\/#website\",\"url\":\"https:\/\/institutlopedevega.com\/\",\"name\":\"Institut Lope de Vega : Cours de langue espagnole en ligne\",\"description\":\"Plus de 60 ans d&#039;excellence dans l&#039;enseignement de l&#039;espagnol \u2013 Cours en direct, formations \u00e0 la demande et certifications\",\"publisher\":{\"@id\":\"https:\/\/institutlopedevega.com\/#organization\"},\"potentialAction\":[{\"@type\":\"SearchAction\",\"target\":{\"@type\":\"EntryPoint\",\"urlTemplate\":\"https:\/\/institutlopedevega.com\/?s={search_term_string}\"},\"query-input\":{\"@type\":\"PropertyValueSpecification\",\"valueRequired\":true,\"valueName\":\"search_term_string\"}}],\"inLanguage\":\"CR\"},{\"@type\":\"Organization\",\"@id\":\"https:\/\/institutlopedevega.com\/#organization\",\"name\":\"Institut Lope de Vega\",\"url\":\"https:\/\/institutlopedevega.com\/\",\"logo\":{\"@type\":\"ImageObject\",\"inLanguage\":\"CR\",\"@id\":\"https:\/\/institutlopedevega.com\/#\/schema\/logo\/image\/\",\"url\":\"https:\/\/institutlopedevega.com\/wp-content\/uploads\/2022\/08\/TOP-HEADER-WITH-LOGO.png\",\"contentUrl\":\"https:\/\/institutlopedevega.com\/wp-content\/uploads\/2022\/08\/TOP-HEADER-WITH-LOGO.png\",\"width\":1423,\"height\":429,\"caption\":\"Institut Lope de Vega\"},\"image\":{\"@id\":\"https:\/\/institutlopedevega.com\/#\/schema\/logo\/image\/\"}}]}<\/script>\n<!-- \/ Yoast SEO plugin. -->","yoast_head_json":{"title":"About us FR - Institut Lope de Vega : Cours de langue espagnole en ligne","robots":{"index":"index","follow":"follow","max-snippet":"max-snippet:-1","max-image-preview":"max-image-preview:large","max-video-preview":"max-video-preview:-1"},"canonical":"https:\/\/institutlopedevega.com\/cr\/apropos\/","og_locale":"en_US","og_type":"article","og_title":"About us FR - Institut Lope de Vega : Cours de langue espagnole en ligne","og_description":"OUR FOUNDER ABOUT The Lope de Vega Institute in Haiti is the ultimate reference for learning Spanish. Founded in 1957 by Dr. Louis G. Lamothe who was inspired by the Spanish writer F\u00e9lix Lope de Vega, this institute has trained thousands of students over 60 years. Its methodology is based on total immersion, a technique [&hellip;]","og_url":"https:\/\/institutlopedevega.com\/cr\/apropos\/","og_site_name":"Institut Lope de Vega : Cours de langue espagnole en ligne","article_modified_time":"2023-09-05T20:32:57+00:00","og_image":[{"url":"https:\/\/institutlopedevega.com\/wp-content\/uploads\/2023\/08\/Lamothe2-2-767x1024.png","type":"","width":"","height":""}],"twitter_card":"summary_large_image","twitter_misc":{"Est. reading time":"2 minutes"},"schema":{"@context":"https:\/\/schema.org","@graph":[{"@type":"WebPage","@id":"https:\/\/institutlopedevega.com\/apropos\/","url":"https:\/\/institutlopedevega.com\/apropos\/","name":"About us FR - Institut Lope de Vega : Cours de langue espagnole en ligne","isPartOf":{"@id":"https:\/\/institutlopedevega.com\/#website"},"primaryImageOfPage":{"@id":"https:\/\/institutlopedevega.com\/apropos\/#primaryimage"},"image":{"@id":"https:\/\/institutlopedevega.com\/apropos\/#primaryimage"},"thumbnailUrl":"https:\/\/institutlopedevega.com\/wp-content\/uploads\/2023\/08\/Lamothe2-2-767x1024.png","datePublished":"2022-09-28T20:16:58+00:00","dateModified":"2023-09-05T20:32:57+00:00","breadcrumb":{"@id":"https:\/\/institutlopedevega.com\/apropos\/#breadcrumb"},"inLanguage":"CR","potentialAction":[{"@type":"ReadAction","target":["https:\/\/institutlopedevega.com\/apropos\/"]}]},{"@type":"ImageObject","inLanguage":"CR","@id":"https:\/\/institutlopedevega.com\/apropos\/#primaryimage","url":"https:\/\/institutlopedevega.com\/wp-content\/uploads\/2023\/08\/Lamothe2-2-767x1024.png","contentUrl":"https:\/\/institutlopedevega.com\/wp-content\/uploads\/2023\/08\/Lamothe2-2-767x1024.png"},{"@type":"BreadcrumbList","@id":"https:\/\/institutlopedevega.com\/apropos\/#breadcrumb","itemListElement":[{"@type":"ListItem","position":1,"name":"Home","item":"https:\/\/institutlopedevega.com\/"},{"@type":"ListItem","position":2,"name":"About us FR"}]},{"@type":"WebSite","@id":"https:\/\/institutlopedevega.com\/#website","url":"https:\/\/institutlopedevega.com\/","name":"Institut Lope de Vega : Cours de langue espagnole en ligne","description":"Plus de 60 ans d&#039;excellence dans l&#039;enseignement de l&#039;espagnol \u2013 Cours en direct, formations \u00e0 la demande et certifications","publisher":{"@id":"https:\/\/institutlopedevega.com\/#organization"},"potentialAction":[{"@type":"SearchAction","target":{"@type":"EntryPoint","urlTemplate":"https:\/\/institutlopedevega.com\/?s={search_term_string}"},"query-input":{"@type":"PropertyValueSpecification","valueRequired":true,"valueName":"search_term_string"}}],"inLanguage":"CR"},{"@type":"Organization","@id":"https:\/\/institutlopedevega.com\/#organization","name":"Institut Lope de Vega","url":"https:\/\/institutlopedevega.com\/","logo":{"@type":"ImageObject","inLanguage":"CR","@id":"https:\/\/institutlopedevega.com\/#\/schema\/logo\/image\/","url":"https:\/\/institutlopedevega.com\/wp-content\/uploads\/2022\/08\/TOP-HEADER-WITH-LOGO.png","contentUrl":"https:\/\/institutlopedevega.com\/wp-content\/uploads\/2022\/08\/TOP-HEADER-WITH-LOGO.png","width":1423,"height":429,"caption":"Institut Lope de Vega"},"image":{"@id":"https:\/\/institutlopedevega.com\/#\/schema\/logo\/image\/"}}]}},"_links":{"self":[{"href":"https:\/\/institutlopedevega.com\/cr\/wp-json\/wp\/v2\/pages\/3795","targetHints":{"allow":["GET"]}}],"collection":[{"href":"https:\/\/institutlopedevega.com\/cr\/wp-json\/wp\/v2\/pages"}],"about":[{"href":"https:\/\/institutlopedevega.com\/cr\/wp-json\/wp\/v2\/types\/page"}],"author":[{"embeddable":true,"href":"https:\/\/institutlopedevega.com\/cr\/wp-json\/wp\/v2\/users\/1"}],"replies":[{"embeddable":true,"href":"https:\/\/institutlopedevega.com\/cr\/wp-json\/wp\/v2\/comments?post=3795"}],"version-history":[{"count":0,"href":"https:\/\/institutlopedevega.com\/cr\/wp-json\/wp\/v2\/pages\/3795\/revisions"}],"wp:attachment":[{"href":"https:\/\/institutlopedevega.com\/cr\/wp-json\/wp\/v2\/media?parent=3795"}],"curies":[{"name":"wp","href":"https:\/\/api.w.org\/{rel}","templated":true}]}}